{"id":830,"date":"2019-07-02T08:18:37","date_gmt":"2019-07-02T08:18:37","guid":{"rendered":"https:\/\/www.residence-stine.com\/unterkunft\/"},"modified":"2019-07-30T07:40:15","modified_gmt":"2019-07-30T07:40:15","slug":"unterkunft","status":"publish","type":"page","link":"https:\/\/www.residence-stine.com\/de\/unterkunft\/","title":{"rendered":"Unterkunft"},"content":{"rendered":"\t\t<div data-elementor-type=\"wp-page\" data-elementor-id=\"830\" class=\"elementor elementor-830 elementor-35\" data-elementor-post-type=\"page\">\n\t\t\t\t\t\t<section class=\"elementor-section elementor-inner-section elementor-element elementor-element-34609f54 elementor-section-boxed elementor-section-height-default elementor-section-height-default\" data-id=\"34609f54\" data-element_type=\"section\" data-e-type=\"section\">\n\t\t\t\t\t\t<div class=\"elementor-container elementor-column-gap-default\">\n\t\t\t\t\t<div class=\"elementor-column elementor-col-25 elementor-inner-column elementor-element elementor-element-22075078 animated-fast elementor-invisible\" data-id=\"22075078\" data-element_type=\"column\" data-e-type=\"column\" data-settings=\"{&quot;background_background&quot;:&quot;classic&quot;,&quot;animation&quot;:&quot;fadeInRight&quot;,&quot;animation_delay&quot;:&quot;400&quot;}\">\n\t\t\t<div class=\"elementor-widget-wrap elementor-element-populated\">\n\t\t\t\t\t<div class=\"elementor-background-overlay\"><\/div>\n\t\t\t\t\t\t<div class=\"elementor-element elementor-element-479cd725 elementor-widget elementor-widget-spacer\" data-id=\"479cd725\" data-element_type=\"widget\" data-e-type=\"widget\" data-widget_type=\"spacer.default\">\n\t\t\t\t<div class=\"elementor-widget-container\">\n\t\t\t\t\t\t\t<div class=\"elementor-spacer\">\n\t\t\t<div class=\"elementor-spacer-inner\"><\/div>\n\t\t<\/div>\n\t\t\t\t\t\t<\/div>\n\t\t\t\t<\/div>\n\t\t\t\t<div class=\"elementor-element elementor-element-3a43cc4 elementor-widget elementor-widget-heading\" data-id=\"3a43cc4\" data-element_type=\"widget\" data-e-type=\"widget\" data-widget_type=\"heading.default\">\n\t\t\t\t<div class=\"elementor-widget-container\">\n\t\t\t\t\t<h3 class=\"elementor-heading-title elementor-size-large\"><a href=\"https:\/\/www.residence-stine.com\/hr\/smjestaj\/komfort-soba\/\"><b>Komfort<\/b> <i>Zimmer<\/i><\/a><\/h3>\t\t\t\t<\/div>\n\t\t\t\t<\/div>\n\t\t\t\t<div class=\"elementor-element elementor-element-18c9d7b9 elementor-widget elementor-widget-text-editor\" data-id=\"18c9d7b9\" data-element_type=\"widget\" data-e-type=\"widget\" data-widget_type=\"text-editor.default\">\n\t\t\t\t<div class=\"elementor-widget-container\">\n\t\t\t\t\t\t\t\t\t<p>Das Zimmer befindet sich im Erdgeschoss des Geb\u00e4udes.<\/p>\n\t\t\t\t\t\t\t\t<\/div>\n\t\t\t\t<\/div>\n\t\t\t\t<div class=\"elementor-element elementor-element-a19d208 elementor-align-center elementor-widget elementor-widget-button\" data-id=\"a19d208\" data-element_type=\"widget\" data-e-type=\"widget\" data-widget_type=\"button.default\">\n\t\t\t\t<div class=\"elementor-widget-container\">\n\t\t\t\t\t\t\t\t\t<div class=\"elementor-button-wrapper\">\n\t\t\t\t\t<a class=\"elementor-button elementor-button-link elementor-size-lg\" href=\"https:\/\/www.residence-stine.com\/de\/unterkunft\/komfort-zimmer\/\">\n\t\t\t\t\t\t<span class=\"elementor-button-content-wrapper\">\n\t\t\t\t\t\t\t\t\t<span class=\"elementor-button-text\">Zimmer im Detail<\/span>\n\t\t\t\t\t<\/span>\n\t\t\t\t\t<\/a>\n\t\t\t\t<\/div>\n\t\t\t\t\t\t\t\t<\/div>\n\t\t\t\t<\/div>\n\t\t\t\t\t<\/div>\n\t\t<\/div>\n\t\t\t\t<div class=\"elementor-column elementor-col-25 elementor-inner-column elementor-element elementor-element-237a522f animated-fast elementor-invisible\" data-id=\"237a522f\" data-element_type=\"column\" data-e-type=\"column\" data-settings=\"{&quot;background_background&quot;:&quot;classic&quot;,&quot;animation&quot;:&quot;fadeInRight&quot;,&quot;animation_delay&quot;:&quot;400&quot;}\">\n\t\t\t<div class=\"elementor-widget-wrap elementor-element-populated\">\n\t\t\t\t\t<div class=\"elementor-background-overlay\"><\/div>\n\t\t\t\t\t\t<div class=\"elementor-element elementor-element-3eff3590 elementor-widget elementor-widget-spacer\" data-id=\"3eff3590\" data-element_type=\"widget\" data-e-type=\"widget\" data-widget_type=\"spacer.default\">\n\t\t\t\t<div class=\"elementor-widget-container\">\n\t\t\t\t\t\t\t<div class=\"elementor-spacer\">\n\t\t\t<div class=\"elementor-spacer-inner\"><\/div>\n\t\t<\/div>\n\t\t\t\t\t\t<\/div>\n\t\t\t\t<\/div>\n\t\t\t\t<div class=\"elementor-element elementor-element-53c1fd73 elementor-widget elementor-widget-heading\" data-id=\"53c1fd73\" data-element_type=\"widget\" data-e-type=\"widget\" data-widget_type=\"heading.default\">\n\t\t\t\t<div class=\"elementor-widget-container\">\n\t\t\t\t\t<h3 class=\"elementor-heading-title elementor-size-large\"><a href=\"https:\/\/www.residence-stine.com\/hr\/smjestaj\/superior-soba\/\"><b>Superior <\/b><i>Zimmer<\/i><\/a><\/h3>\t\t\t\t<\/div>\n\t\t\t\t<\/div>\n\t\t\t\t<div class=\"elementor-element elementor-element-6d9a3b9c elementor-widget elementor-widget-text-editor\" data-id=\"6d9a3b9c\" data-element_type=\"widget\" data-e-type=\"widget\" data-widget_type=\"text-editor.default\">\n\t\t\t\t<div class=\"elementor-widget-container\">\n\t\t\t\t\t\t\t\t\t<p>Das Bett kann mit einem Doppelbett oder getrennten Betten sein.<\/p>\n\t\t\t\t\t\t\t\t<\/div>\n\t\t\t\t<\/div>\n\t\t\t\t<div class=\"elementor-element elementor-element-77262a00 elementor-align-center elementor-widget elementor-widget-button\" data-id=\"77262a00\" data-element_type=\"widget\" data-e-type=\"widget\" data-widget_type=\"button.default\">\n\t\t\t\t<div class=\"elementor-widget-container\">\n\t\t\t\t\t\t\t\t\t<div class=\"elementor-button-wrapper\">\n\t\t\t\t\t<a class=\"elementor-button elementor-button-link elementor-size-lg\" href=\"https:\/\/www.residence-stine.com\/de\/unterkunft\/superior-zimmer\/\">\n\t\t\t\t\t\t<span class=\"elementor-button-content-wrapper\">\n\t\t\t\t\t\t\t\t\t<span class=\"elementor-button-text\">Zimmer im Detail<\/span>\n\t\t\t\t\t<\/span>\n\t\t\t\t\t<\/a>\n\t\t\t\t<\/div>\n\t\t\t\t\t\t\t\t<\/div>\n\t\t\t\t<\/div>\n\t\t\t\t\t<\/div>\n\t\t<\/div>\n\t\t\t\t<div class=\"elementor-column elementor-col-25 elementor-inner-column elementor-element elementor-element-f09c2f4 animated-fast elementor-invisible\" data-id=\"f09c2f4\" data-element_type=\"column\" data-e-type=\"column\" data-settings=\"{&quot;background_background&quot;:&quot;classic&quot;,&quot;animation&quot;:&quot;fadeInUp&quot;}\">\n\t\t\t<div class=\"elementor-widget-wrap elementor-element-populated\">\n\t\t\t\t\t<div class=\"elementor-background-overlay\"><\/div>\n\t\t\t\t\t\t<div class=\"elementor-element elementor-element-40ffab73 elementor-widget elementor-widget-spacer\" data-id=\"40ffab73\" data-element_type=\"widget\" data-e-type=\"widget\" data-widget_type=\"spacer.default\">\n\t\t\t\t<div class=\"elementor-widget-container\">\n\t\t\t\t\t\t\t<div class=\"elementor-spacer\">\n\t\t\t<div class=\"elementor-spacer-inner\"><\/div>\n\t\t<\/div>\n\t\t\t\t\t\t<\/div>\n\t\t\t\t<\/div>\n\t\t\t\t<div class=\"elementor-element elementor-element-5125ccd7 elementor-widget elementor-widget-heading\" data-id=\"5125ccd7\" data-element_type=\"widget\" data-e-type=\"widget\" data-widget_type=\"heading.default\">\n\t\t\t\t<div class=\"elementor-widget-container\">\n\t\t\t\t\t<h3 class=\"elementor-heading-title elementor-size-large\"><a href=\"https:\/\/www.residence-stine.com\/hr\/smjestaj\/cosy-loft-soba-pogled-grad\/\"><b>Gem\u00fctliches Dachgeschoss<\/b><i> Zimmer<\/i><\/a><\/h3>\t\t\t\t<\/div>\n\t\t\t\t<\/div>\n\t\t\t\t<div class=\"elementor-element elementor-element-4008a096 elementor-widget elementor-widget-text-editor\" data-id=\"4008a096\" data-element_type=\"widget\" data-e-type=\"widget\" data-widget_type=\"text-editor.default\">\n\t\t\t\t<div class=\"elementor-widget-container\">\n\t\t\t\t\t\t\t\t\t<p>Zimmer mit gem\u00fctlichem Ambiente und sch\u00f6nen Blick auf die gesamte Stadt Split.<\/p>\n\t\t\t\t\t\t\t\t<\/div>\n\t\t\t\t<\/div>\n\t\t\t\t<div class=\"elementor-element elementor-element-394fa62c elementor-align-center elementor-widget elementor-widget-button\" data-id=\"394fa62c\" data-element_type=\"widget\" data-e-type=\"widget\" data-widget_type=\"button.default\">\n\t\t\t\t<div class=\"elementor-widget-container\">\n\t\t\t\t\t\t\t\t\t<div class=\"elementor-button-wrapper\">\n\t\t\t\t\t<a class=\"elementor-button elementor-button-link elementor-size-lg\" href=\"https:\/\/www.residence-stine.com\/de\/unterkunft\/gemutliches-dachgeschoss-zimmer-mit-blick\/\">\n\t\t\t\t\t\t<span class=\"elementor-button-content-wrapper\">\n\t\t\t\t\t\t\t\t\t<span class=\"elementor-button-text\">Zimmer im Detail<\/span>\n\t\t\t\t\t<\/span>\n\t\t\t\t\t<\/a>\n\t\t\t\t<\/div>\n\t\t\t\t\t\t\t\t<\/div>\n\t\t\t\t<\/div>\n\t\t\t\t\t<\/div>\n\t\t<\/div>\n\t\t\t\t<div class=\"elementor-column elementor-col-25 elementor-inner-column elementor-element elementor-element-37cf1a7f animated-fast elementor-invisible\" data-id=\"37cf1a7f\" data-element_type=\"column\" data-e-type=\"column\" data-settings=\"{&quot;background_background&quot;:&quot;classic&quot;,&quot;animation&quot;:&quot;fadeInLeft&quot;,&quot;animation_delay&quot;:&quot;700&quot;}\">\n\t\t\t<div class=\"elementor-widget-wrap elementor-element-populated\">\n\t\t\t\t\t<div class=\"elementor-background-overlay\"><\/div>\n\t\t\t\t\t\t<div class=\"elementor-element elementor-element-5bb8e1b1 elementor-widget elementor-widget-spacer\" data-id=\"5bb8e1b1\" data-element_type=\"widget\" data-e-type=\"widget\" data-widget_type=\"spacer.default\">\n\t\t\t\t<div class=\"elementor-widget-container\">\n\t\t\t\t\t\t\t<div class=\"elementor-spacer\">\n\t\t\t<div class=\"elementor-spacer-inner\"><\/div>\n\t\t<\/div>\n\t\t\t\t\t\t<\/div>\n\t\t\t\t<\/div>\n\t\t\t\t<div class=\"elementor-element elementor-element-40c54881 elementor-widget elementor-widget-heading\" data-id=\"40c54881\" data-element_type=\"widget\" data-e-type=\"widget\" data-widget_type=\"heading.default\">\n\t\t\t\t<div class=\"elementor-widget-container\">\n\t\t\t\t\t<h3 class=\"elementor-heading-title elementor-size-large\"><a href=\"https:\/\/www.residence-stine.com\/hr\/smjestaj\/deluxe-soba-s-balkonom\/\"><b>Deluxe <\/b><i>Zimmer<\/i><\/a><\/h3>\t\t\t\t<\/div>\n\t\t\t\t<\/div>\n\t\t\t\t<div class=\"elementor-element elementor-element-2251ad29 elementor-widget elementor-widget-text-editor\" data-id=\"2251ad29\" data-element_type=\"widget\" data-e-type=\"widget\" data-widget_type=\"text-editor.default\">\n\t\t\t\t<div class=\"elementor-widget-container\">\n\t\t\t\t\t\t\t\t\t<p>Ger\u00e4umiges Zimmer mit Balkon.<\/p>\n\t\t\t\t\t\t\t\t<\/div>\n\t\t\t\t<\/div>\n\t\t\t\t<div class=\"elementor-element elementor-element-21818f3 elementor-align-center elementor-widget elementor-widget-button\" data-id=\"21818f3\" data-element_type=\"widget\" data-e-type=\"widget\" data-widget_type=\"button.default\">\n\t\t\t\t<div class=\"elementor-widget-container\">\n\t\t\t\t\t\t\t\t\t<div class=\"elementor-button-wrapper\">\n\t\t\t\t\t<a class=\"elementor-button elementor-button-link elementor-size-lg\" href=\"https:\/\/www.residence-stine.com\/de\/unterkunft\/deluxe-zimmer-mit-balkon\/\">\n\t\t\t\t\t\t<span class=\"elementor-button-content-wrapper\">\n\t\t\t\t\t\t\t\t\t<span class=\"elementor-button-text\">Zimmer im Detail<\/span>\n\t\t\t\t\t<\/span>\n\t\t\t\t\t<\/a>\n\t\t\t\t<\/div>\n\t\t\t\t\t\t\t\t<\/div>\n\t\t\t\t<\/div>\n\t\t\t\t\t<\/div>\n\t\t<\/div>\n\t\t\t\t\t<\/div>\n\t\t<\/section>\n\t\t\t\t<\/div>\n\t\t","protected":false},"excerpt":{"rendered":"<p>Komfort Zimmer Das Zimmer befindet sich im Erdgeschoss des Geb\u00e4udes. Zimmer im Detail Superior Zimmer Das Bett kann mit einem Doppelbett oder getrennten Betten sein. Zimmer im Detail Gem\u00fctliches Dachgeschoss Zimmer Zimmer mit gem\u00fctlichem Ambiente und sch\u00f6nen Blick auf die gesamte Stadt Split. Zimmer im Detail Deluxe Zimmer Ger\u00e4umiges Zimmer mit Balkon. Zimmer im Detail<\/p>\n","protected":false},"author":1,"featured_media":0,"parent":0,"menu_order":0,"comment_status":"closed","ping_status":"closed","template":"","meta":{"site-sidebar-layout":"no-sidebar","site-content-layout":"page-builder","ast-site-content-layout":"default","site-content-style":"default","site-sidebar-style":"default","ast-global-header-display":"","ast-banner-title-visibility":"","ast-main-header-display":"","ast-hfb-above-header-display":"","ast-hfb-below-header-display":"","ast-hfb-mobile-header-display":"","site-post-title":"disabled","ast-breadcrumbs-content":"","ast-featured-img":"disabled","footer-sml-layout":"","ast-disable-related-posts":"","theme-transparent-header-meta":"default","adv-header-id-meta":"","stick-header-meta":"default","header-above-stick-meta":"","header-main-stick-meta":"","header-below-stick-meta":"","astra-migrate-meta-layouts":"default","ast-page-background-enabled":"default","ast-page-background-meta":{"desktop":{"background-color":"","background-image":"","background-repeat":"repeat","background-position":"center center","background-size":"auto","background-attachment":"scroll","background-type":"","background-media":"","overlay-type":"","overlay-color":"","overlay-opacity":"","overlay-gradient":""},"tablet":{"background-color":"","background-image":"","background-repeat":"repeat","background-position":"center center","background-size":"auto","background-attachment":"scroll","background-type":"","background-media":"","overlay-type":"","overlay-color":"","overlay-opacity":"","overlay-gradient":""},"mobile":{"background-color":"","background-image":"","background-repeat":"repeat","background-position":"center center","background-size":"auto","background-attachment":"scroll","background-type":"","background-media":"","overlay-type":"","overlay-color":"","overlay-opacity":"","overlay-gradient":""}},"ast-content-background-meta":{"desktop":{"background-color":"var(--ast-global-color-5)","background-image":"","background-repeat":"repeat","background-position":"center center","background-size":"auto","background-attachment":"scroll","background-type":"","background-media":"","overlay-type":"","overlay-color":"","overlay-opacity":"","overlay-gradient":""},"tablet":{"background-color":"var(--ast-global-color-5)","background-image":"","background-repeat":"repeat","background-position":"center center","background-size":"auto","background-attachment":"scroll","background-type":"","background-media":"","overlay-type":"","overlay-color":"","overlay-opacity":"","overlay-gradient":""},"mobile":{"background-color":"var(--ast-global-color-5)","background-image":"","background-repeat":"repeat","background-position":"center center","background-size":"auto","background-attachment":"scroll","background-type":"","background-media":"","overlay-type":"","overlay-color":"","overlay-opacity":"","overlay-gradient":""}},"footnotes":""},"class_list":["post-830","page","type-page","status-publish","hentry"],"yoast_head":"<!-- This site is optimized with the Yoast SEO plugin v27.5 - https:\/\/yoast.com\/product\/yoast-seo-wordpress\/ -->\n<title>Unterkunft - Residence Stine Split Hrvatska<\/title>\n<meta name=\"robots\" content=\"index, follow, max-snippet:-1, max-image-preview:large, max-video-preview:-1\" \/>\n<link rel=\"canonical\" href=\"https:\/\/www.residence-stine.com\/de\/unterkunft\/\" \/>\n<meta property=\"og:locale\" content=\"de_DE\" \/>\n<meta property=\"og:type\" content=\"article\" \/>\n<meta property=\"og:title\" content=\"Unterkunft - Residence Stine Split Hrvatska\" \/>\n<meta property=\"og:description\" content=\"Komfort Zimmer Das Zimmer befindet sich im Erdgeschoss des Geb\u00e4udes. Zimmer im Detail Superior Zimmer Das Bett kann mit einem Doppelbett oder getrennten Betten sein. Zimmer im Detail Gem\u00fctliches Dachgeschoss Zimmer Zimmer mit gem\u00fctlichem Ambiente und sch\u00f6nen Blick auf die gesamte Stadt Split. Zimmer im Detail Deluxe Zimmer Ger\u00e4umiges Zimmer mit Balkon. Zimmer im Detail\" \/>\n<meta property=\"og:url\" content=\"https:\/\/www.residence-stine.com\/de\/unterkunft\/\" \/>\n<meta property=\"og:site_name\" content=\"Residence Stine Split Hrvatska\" \/>\n<meta property=\"article:publisher\" content=\"https:\/\/web.facebook.com\/residencestine\/\" \/>\n<meta property=\"article:modified_time\" content=\"2019-07-30T07:40:15+00:00\" \/>\n<meta name=\"twitter:card\" content=\"summary_large_image\" \/>\n<script type=\"application\/ld+json\" class=\"yoast-schema-graph\">{\"@context\":\"https:\\\/\\\/schema.org\",\"@graph\":[{\"@type\":\"WebPage\",\"@id\":\"https:\\\/\\\/www.residence-stine.com\\\/de\\\/unterkunft\\\/\",\"url\":\"https:\\\/\\\/www.residence-stine.com\\\/de\\\/unterkunft\\\/\",\"name\":\"Unterkunft - Residence Stine Split Hrvatska\",\"isPartOf\":{\"@id\":\"https:\\\/\\\/www.residence-stine.com\\\/de\\\/#website\"},\"datePublished\":\"2019-07-02T08:18:37+00:00\",\"dateModified\":\"2019-07-30T07:40:15+00:00\",\"breadcrumb\":{\"@id\":\"https:\\\/\\\/www.residence-stine.com\\\/de\\\/unterkunft\\\/#breadcrumb\"},\"inLanguage\":\"de\",\"potentialAction\":[{\"@type\":\"ReadAction\",\"target\":[\"https:\\\/\\\/www.residence-stine.com\\\/de\\\/unterkunft\\\/\"]}]},{\"@type\":\"BreadcrumbList\",\"@id\":\"https:\\\/\\\/www.residence-stine.com\\\/de\\\/unterkunft\\\/#breadcrumb\",\"itemListElement\":[{\"@type\":\"ListItem\",\"position\":1,\"name\":\"Po\u010detna stranica\",\"item\":\"https:\\\/\\\/www.residence-stine.com\\\/de\\\/\"},{\"@type\":\"ListItem\",\"position\":2,\"name\":\"Unterkunft\"}]},{\"@type\":\"WebSite\",\"@id\":\"https:\\\/\\\/www.residence-stine.com\\\/de\\\/#website\",\"url\":\"https:\\\/\\\/www.residence-stine.com\\\/de\\\/\",\"name\":\"Residence Stine Split Hrvatska\",\"description\":\"Residence Stine, luksuzne sobe s doru\u010dkom u centru Splita. Wi-Fi u cijelom objektu. Sve sobe su klimatizirane, sa sefom u sobi, mini barom, LCD SAT-TV, dobro opremljenim kupaonicama i potrebnim sadr\u017eajima.\",\"publisher\":{\"@id\":\"https:\\\/\\\/www.residence-stine.com\\\/de\\\/#organization\"},\"potentialAction\":[{\"@type\":\"SearchAction\",\"target\":{\"@type\":\"EntryPoint\",\"urlTemplate\":\"https:\\\/\\\/www.residence-stine.com\\\/de\\\/?s={search_term_string}\"},\"query-input\":{\"@type\":\"PropertyValueSpecification\",\"valueRequired\":true,\"valueName\":\"search_term_string\"}}],\"inLanguage\":\"de\"},{\"@type\":\"Organization\",\"@id\":\"https:\\\/\\\/www.residence-stine.com\\\/de\\\/#organization\",\"name\":\"Residence Stine\",\"url\":\"https:\\\/\\\/www.residence-stine.com\\\/de\\\/\",\"logo\":{\"@type\":\"ImageObject\",\"inLanguage\":\"de\",\"@id\":\"https:\\\/\\\/www.residence-stine.com\\\/de\\\/#\\\/schema\\\/logo\\\/image\\\/\",\"url\":\"https:\\\/\\\/www.residence-stine.com\\\/wp-content\\\/uploads\\\/2019\\\/05\\\/logo-residence-stine-horiz-.png\",\"contentUrl\":\"https:\\\/\\\/www.residence-stine.com\\\/wp-content\\\/uploads\\\/2019\\\/05\\\/logo-residence-stine-horiz-.png\",\"width\":360,\"height\":119,\"caption\":\"Residence Stine\"},\"image\":{\"@id\":\"https:\\\/\\\/www.residence-stine.com\\\/de\\\/#\\\/schema\\\/logo\\\/image\\\/\"},\"sameAs\":[\"https:\\\/\\\/web.facebook.com\\\/residencestine\\\/\",\"http:\\\/\\\/instagram.com\\\/residencestine\\\/\",\"https:\\\/\\\/www.linkedin.com\\\/company\\\/residence-stine\",\"https:\\\/\\\/www.youtube.com\\\/channel\\\/UCkJBmyfIbtzb8p5SsOklzew\"]}]}<\/script>\n<!-- \/ Yoast SEO plugin. -->","yoast_head_json":{"title":"Unterkunft - Residence Stine Split Hrvatska","robots":{"index":"index","follow":"follow","max-snippet":"max-snippet:-1","max-image-preview":"max-image-preview:large","max-video-preview":"max-video-preview:-1"},"canonical":"https:\/\/www.residence-stine.com\/de\/unterkunft\/","og_locale":"de_DE","og_type":"article","og_title":"Unterkunft - Residence Stine Split Hrvatska","og_description":"Komfort Zimmer Das Zimmer befindet sich im Erdgeschoss des Geb\u00e4udes. Zimmer im Detail Superior Zimmer Das Bett kann mit einem Doppelbett oder getrennten Betten sein. Zimmer im Detail Gem\u00fctliches Dachgeschoss Zimmer Zimmer mit gem\u00fctlichem Ambiente und sch\u00f6nen Blick auf die gesamte Stadt Split. Zimmer im Detail Deluxe Zimmer Ger\u00e4umiges Zimmer mit Balkon. Zimmer im Detail","og_url":"https:\/\/www.residence-stine.com\/de\/unterkunft\/","og_site_name":"Residence Stine Split Hrvatska","article_publisher":"https:\/\/web.facebook.com\/residencestine\/","article_modified_time":"2019-07-30T07:40:15+00:00","twitter_card":"summary_large_image","schema":{"@context":"https:\/\/schema.org","@graph":[{"@type":"WebPage","@id":"https:\/\/www.residence-stine.com\/de\/unterkunft\/","url":"https:\/\/www.residence-stine.com\/de\/unterkunft\/","name":"Unterkunft - Residence Stine Split Hrvatska","isPartOf":{"@id":"https:\/\/www.residence-stine.com\/de\/#website"},"datePublished":"2019-07-02T08:18:37+00:00","dateModified":"2019-07-30T07:40:15+00:00","breadcrumb":{"@id":"https:\/\/www.residence-stine.com\/de\/unterkunft\/#breadcrumb"},"inLanguage":"de","potentialAction":[{"@type":"ReadAction","target":["https:\/\/www.residence-stine.com\/de\/unterkunft\/"]}]},{"@type":"BreadcrumbList","@id":"https:\/\/www.residence-stine.com\/de\/unterkunft\/#breadcrumb","itemListElement":[{"@type":"ListItem","position":1,"name":"Po\u010detna stranica","item":"https:\/\/www.residence-stine.com\/de\/"},{"@type":"ListItem","position":2,"name":"Unterkunft"}]},{"@type":"WebSite","@id":"https:\/\/www.residence-stine.com\/de\/#website","url":"https:\/\/www.residence-stine.com\/de\/","name":"Residence Stine Split Hrvatska","description":"Residence Stine, luksuzne sobe s doru\u010dkom u centru Splita. Wi-Fi u cijelom objektu. Sve sobe su klimatizirane, sa sefom u sobi, mini barom, LCD SAT-TV, dobro opremljenim kupaonicama i potrebnim sadr\u017eajima.","publisher":{"@id":"https:\/\/www.residence-stine.com\/de\/#organization"},"potentialAction":[{"@type":"SearchAction","target":{"@type":"EntryPoint","urlTemplate":"https:\/\/www.residence-stine.com\/de\/?s={search_term_string}"},"query-input":{"@type":"PropertyValueSpecification","valueRequired":true,"valueName":"search_term_string"}}],"inLanguage":"de"},{"@type":"Organization","@id":"https:\/\/www.residence-stine.com\/de\/#organization","name":"Residence Stine","url":"https:\/\/www.residence-stine.com\/de\/","logo":{"@type":"ImageObject","inLanguage":"de","@id":"https:\/\/www.residence-stine.com\/de\/#\/schema\/logo\/image\/","url":"https:\/\/www.residence-stine.com\/wp-content\/uploads\/2019\/05\/logo-residence-stine-horiz-.png","contentUrl":"https:\/\/www.residence-stine.com\/wp-content\/uploads\/2019\/05\/logo-residence-stine-horiz-.png","width":360,"height":119,"caption":"Residence Stine"},"image":{"@id":"https:\/\/www.residence-stine.com\/de\/#\/schema\/logo\/image\/"},"sameAs":["https:\/\/web.facebook.com\/residencestine\/","http:\/\/instagram.com\/residencestine\/","https:\/\/www.linkedin.com\/company\/residence-stine","https:\/\/www.youtube.com\/channel\/UCkJBmyfIbtzb8p5SsOklzew"]}]}},"_links":{"self":[{"href":"https:\/\/www.residence-stine.com\/de\/wp-json\/wp\/v2\/pages\/830","targetHints":{"allow":["GET"]}}],"collection":[{"href":"https:\/\/www.residence-stine.com\/de\/wp-json\/wp\/v2\/pages"}],"about":[{"href":"https:\/\/www.residence-stine.com\/de\/wp-json\/wp\/v2\/types\/page"}],"author":[{"embeddable":true,"href":"https:\/\/www.residence-stine.com\/de\/wp-json\/wp\/v2\/users\/1"}],"replies":[{"embeddable":true,"href":"https:\/\/www.residence-stine.com\/de\/wp-json\/wp\/v2\/comments?post=830"}],"version-history":[{"count":2,"href":"https:\/\/www.residence-stine.com\/de\/wp-json\/wp\/v2\/pages\/830\/revisions"}],"predecessor-version":[{"id":1010,"href":"https:\/\/www.residence-stine.com\/de\/wp-json\/wp\/v2\/pages\/830\/revisions\/1010"}],"wp:attachment":[{"href":"https:\/\/www.residence-stine.com\/de\/wp-json\/wp\/v2\/media?parent=830"}],"curies":[{"name":"wp","href":"https:\/\/api.w.org\/{rel}","templated":true}]}}