{"id":45,"date":"2019-05-21T17:10:36","date_gmt":"2019-05-21T17:10:36","guid":{"rendered":"https:\/\/www.residence-stine.com\/?page_id=45"},"modified":"2019-06-22T10:11:11","modified_gmt":"2019-06-22T10:11:11","slug":"destinacija","status":"publish","type":"page","link":"https:\/\/www.residence-stine.com\/hr\/destinacija\/","title":{"rendered":"Destinacija"},"content":{"rendered":"\t\t<div data-elementor-type=\"wp-page\" data-elementor-id=\"45\" class=\"elementor elementor-45\" data-elementor-post-type=\"page\">\n\t\t\t\t\t\t<section class=\"elementor-section elementor-top-section elementor-element elementor-element-7920e50a elementor-section-boxed elementor-section-height-default elementor-section-height-default\" data-id=\"7920e50a\" data-element_type=\"section\" data-e-type=\"section\">\n\t\t\t\t\t\t<div class=\"elementor-container elementor-column-gap-default\">\n\t\t\t\t\t<div class=\"elementor-column elementor-col-100 elementor-top-column elementor-element elementor-element-7c072b23\" data-id=\"7c072b23\" data-element_type=\"column\" data-e-type=\"column\">\n\t\t\t<div class=\"elementor-widget-wrap elementor-element-populated\">\n\t\t\t\t\t\t\t<\/div>\n\t\t<\/div>\n\t\t\t\t\t<\/div>\n\t\t<\/section>\n\t\t\t\t<section class=\"elementor-section elementor-top-section elementor-element elementor-element-d5ebbfa elementor-section-boxed elementor-section-height-default elementor-section-height-default\" data-id=\"d5ebbfa\" data-element_type=\"section\" data-e-type=\"section\">\n\t\t\t\t\t\t<div class=\"elementor-container elementor-column-gap-default\">\n\t\t\t\t\t<div class=\"elementor-column elementor-col-50 elementor-top-column elementor-element elementor-element-c214a9f\" data-id=\"c214a9f\" data-element_type=\"column\" data-e-type=\"column\">\n\t\t\t<div class=\"elementor-widget-wrap elementor-element-populated\">\n\t\t\t\t\t\t<div class=\"elementor-element elementor-element-7254f7b elementor-widget elementor-widget-image\" data-id=\"7254f7b\" data-element_type=\"widget\" data-e-type=\"widget\" data-widget_type=\"image.default\">\n\t\t\t\t<div class=\"elementor-widget-container\">\n\t\t\t\t\t\t\t\t\t\t\t\t\t\t\t<img fetchpriority=\"high\" decoding=\"async\" width=\"1024\" height=\"644\" src=\"https:\/\/www.residence-stine.com\/wp-content\/uploads\/2019\/06\/split-peristil-1-1024x644.jpg\" class=\"attachment-large size-large wp-image-453\" alt=\"\" srcset=\"https:\/\/www.residence-stine.com\/wp-content\/uploads\/2019\/06\/split-peristil-1-1024x644.jpg 1024w, https:\/\/www.residence-stine.com\/wp-content\/uploads\/2019\/06\/split-peristil-1-300x189.jpg 300w, https:\/\/www.residence-stine.com\/wp-content\/uploads\/2019\/06\/split-peristil-1-768x483.jpg 768w, https:\/\/www.residence-stine.com\/wp-content\/uploads\/2019\/06\/split-peristil-1.jpg 1600w\" sizes=\"(max-width: 1024px) 100vw, 1024px\" \/>\t\t\t\t\t\t\t\t\t\t\t\t\t\t\t<\/div>\n\t\t\t\t<\/div>\n\t\t\t\t\t<\/div>\n\t\t<\/div>\n\t\t\t\t<div class=\"elementor-column elementor-col-50 elementor-top-column elementor-element elementor-element-99364bb\" data-id=\"99364bb\" data-element_type=\"column\" data-e-type=\"column\">\n\t\t\t<div class=\"elementor-widget-wrap elementor-element-populated\">\n\t\t\t\t\t\t<div class=\"elementor-element elementor-element-1d53051 elementor-widget elementor-widget-text-editor\" data-id=\"1d53051\" data-element_type=\"widget\" data-e-type=\"widget\" data-widget_type=\"text-editor.default\">\n\t\t\t\t<div class=\"elementor-widget-container\">\n\t\t\t\t\t\t\t\t\t<p><strong>Pri\u010da o Splitu<\/strong> je stara 17 stolje\u0107a, jo\u0161 iz vremena kada je rimski car Dioklecijan odlu\u010dio sagraditi svoju pala\u010du na poluotoku u blizini rimskog grada Salone, gdje je odlu\u010dio provesti preostale godine svog \u017eivota.<\/p><p>Usred tih 1700 godina, Pala\u010da se postupno pretvorila u grad, koji do dana\u0161njeg dana skre\u0107e pozornost svojom velikom povije\u0161\u0107u, bogatom tradicijom, kao i prirodnom i kulturnom ba\u0161tinom. <strong>Dioklecijanova pala\u010da<\/strong> i povijesna jezgra Splita nalaze se na popisu svjetske ba\u0161tine <strong>UNESCO<\/strong>-a jo\u0161 od 1979. godine, a ne samo zbog iznimne o\u010duvanosti pala\u010de, ve\u0107 uz \u010dinjenicu da Pala\u010da i njezin grad (ili grad i njegova pala\u010da) nastavljaju s punim \u017eivotom.<\/p><p>\u0160etnja starim gradom vodi vas kroz vrijeme, uz izuzetne primjere zastarjelog in\u017eenjerstva poput <strong>Peristila<\/strong>, umjereno stare romani\u010dke crkve i goti\u010dke pala\u010de, renesansnih vrata domova aristokrata, baroknih eksterijera i dana\u0161njeg dizajna koji se veli\u010danstveno uklapaju u bogatu ostav\u0161tinu.<\/p>\t\t\t\t\t\t\t\t<\/div>\n\t\t\t\t<\/div>\n\t\t\t\t\t<\/div>\n\t\t<\/div>\n\t\t\t\t\t<\/div>\n\t\t<\/section>\n\t\t\t\t<section class=\"elementor-section elementor-top-section elementor-element elementor-element-f73548d elementor-section-boxed elementor-section-height-default elementor-section-height-default\" data-id=\"f73548d\" data-element_type=\"section\" data-e-type=\"section\">\n\t\t\t\t\t\t<div class=\"elementor-container elementor-column-gap-default\">\n\t\t\t\t\t<div class=\"elementor-column elementor-col-50 elementor-top-column elementor-element elementor-element-d1127e1\" data-id=\"d1127e1\" data-element_type=\"column\" data-e-type=\"column\">\n\t\t\t<div class=\"elementor-widget-wrap elementor-element-populated\">\n\t\t\t\t\t\t<div class=\"elementor-element elementor-element-d2f8979 elementor-widget elementor-widget-text-editor\" data-id=\"d2f8979\" data-element_type=\"widget\" data-e-type=\"widget\" data-widget_type=\"text-editor.default\">\n\t\t\t\t<div class=\"elementor-widget-container\">\n\t\t\t\t\t\t\t\t\t<p>Vidljivo je to i u svakodnevnom postojanju Splita. Dijele\u0107i kafi\u0107e, restorane i trgovine s posjetiteljima, mje\u0161tani Splita daju im osje\u0107aj da su se boravkom u Splitu pretvorili u dio grada. <strong>Pazar<\/strong> (tr\u017enica vo\u0107a i povr\u0107a) i <strong>Pe\u0161karija<\/strong> (ribarnica) predstavljaju sredi\u0161nju to\u010dku \u017eivota svake obitelji u Splitu, kao i Riva, gdje se susre\u0107e splitsko dru\u0161tvo. <\/p><p>Split je tako\u0111er popri\u0161te fantasti\u010dnih gurmanskih i vinskih susreta, raznih dru\u0161tvenih doga\u0111anja poput filmskih i kazali\u0161nih predstava. Grad koji nudi zabavu u obliku klubova i barova, uli\u010dnih festivala i me\u0111unarodnih doga\u0111anja poput Ultra Europe festivala koji privla\u010di goste iz stotinjak zemalja svijeta. U Splitu se sport pi\u0161e velikim slovima. Osim HNK Hajduk, Split se mo\u017ee pohvaliti uspjehom mnogih sporta\u0161a u razli\u010ditim disciplinama.<\/p>\t\t\t\t\t\t\t\t<\/div>\n\t\t\t\t<\/div>\n\t\t\t\t\t<\/div>\n\t\t<\/div>\n\t\t\t\t<div class=\"elementor-column elementor-col-50 elementor-top-column elementor-element elementor-element-d2e8150\" data-id=\"d2e8150\" data-element_type=\"column\" data-e-type=\"column\">\n\t\t\t<div class=\"elementor-widget-wrap elementor-element-populated\">\n\t\t\t\t\t\t<div class=\"elementor-element elementor-element-13eac8d elementor-widget elementor-widget-image\" data-id=\"13eac8d\" data-element_type=\"widget\" data-e-type=\"widget\" data-widget_type=\"image.default\">\n\t\t\t\t<div class=\"elementor-widget-container\">\n\t\t\t\t\t\t\t\t\t\t\t\t\t\t\t<img decoding=\"async\" width=\"1024\" height=\"682\" src=\"https:\/\/www.residence-stine.com\/wp-content\/uploads\/2019\/06\/split-sveti-duje1-1-1024x682.jpg\" class=\"attachment-large size-large wp-image-463\" alt=\"\" srcset=\"https:\/\/www.residence-stine.com\/wp-content\/uploads\/2019\/06\/split-sveti-duje1-1-1024x682.jpg 1024w, https:\/\/www.residence-stine.com\/wp-content\/uploads\/2019\/06\/split-sveti-duje1-1-300x200.jpg 300w, https:\/\/www.residence-stine.com\/wp-content\/uploads\/2019\/06\/split-sveti-duje1-1-768x512.jpg 768w, https:\/\/www.residence-stine.com\/wp-content\/uploads\/2019\/06\/split-sveti-duje1-1.jpg 1600w\" sizes=\"(max-width: 1024px) 100vw, 1024px\" \/>\t\t\t\t\t\t\t\t\t\t\t\t\t\t\t<\/div>\n\t\t\t\t<\/div>\n\t\t\t\t\t<\/div>\n\t\t<\/div>\n\t\t\t\t\t<\/div>\n\t\t<\/section>\n\t\t\t\t<section class=\"elementor-section elementor-top-section elementor-element elementor-element-4ce6d2c elementor-section-boxed elementor-section-height-default elementor-section-height-default\" data-id=\"4ce6d2c\" data-element_type=\"section\" data-e-type=\"section\">\n\t\t\t\t\t\t<div class=\"elementor-container elementor-column-gap-default\">\n\t\t\t\t\t<div class=\"elementor-column elementor-col-50 elementor-top-column elementor-element elementor-element-780bd64\" data-id=\"780bd64\" data-element_type=\"column\" data-e-type=\"column\">\n\t\t\t<div class=\"elementor-widget-wrap elementor-element-populated\">\n\t\t\t\t\t\t<div class=\"elementor-element elementor-element-c400bf4 elementor-widget elementor-widget-image\" data-id=\"c400bf4\" data-element_type=\"widget\" data-e-type=\"widget\" data-widget_type=\"image.default\">\n\t\t\t\t<div class=\"elementor-widget-container\">\n\t\t\t\t\t\t\t\t\t\t\t\t\t\t\t<img decoding=\"async\" width=\"800\" height=\"519\" src=\"https:\/\/www.residence-stine.com\/wp-content\/uploads\/2019\/06\/slide-split-panorama9.jpg\" class=\"attachment-large size-large wp-image-470\" alt=\"\" srcset=\"https:\/\/www.residence-stine.com\/wp-content\/uploads\/2019\/06\/slide-split-panorama9.jpg 800w, https:\/\/www.residence-stine.com\/wp-content\/uploads\/2019\/06\/slide-split-panorama9-300x195.jpg 300w, https:\/\/www.residence-stine.com\/wp-content\/uploads\/2019\/06\/slide-split-panorama9-768x498.jpg 768w\" sizes=\"(max-width: 800px) 100vw, 800px\" \/>\t\t\t\t\t\t\t\t\t\t\t\t\t\t\t<\/div>\n\t\t\t\t<\/div>\n\t\t\t\t\t<\/div>\n\t\t<\/div>\n\t\t\t\t<div class=\"elementor-column elementor-col-50 elementor-top-column elementor-element elementor-element-2edca74\" data-id=\"2edca74\" data-element_type=\"column\" data-e-type=\"column\">\n\t\t\t<div class=\"elementor-widget-wrap elementor-element-populated\">\n\t\t\t\t\t\t<div class=\"elementor-element elementor-element-034458a elementor-widget elementor-widget-text-editor\" data-id=\"034458a\" data-element_type=\"widget\" data-e-type=\"widget\" data-widget_type=\"text-editor.default\">\n\t\t\t\t<div class=\"elementor-widget-container\">\n\t\t\t\t\t\t\t\t\t<p>Kada tra\u017eite malo ti\u0161ine ne morate tra\u017eiti daleko. Tu je <strong>Marjan<\/strong>, simbol grada, sa svojom \u0161umom, svojim trka\u010dkim, planinarskim, biciklisti\u010dkim i rekreativnim stazama. Ujedno skriva i nekoliko starih crkava u kojima su stari Spli\u0107ani tra\u017eili uto\u010di\u0161te i mir.<\/p><p>Uz to, iako nije tipi\u010dno za grad ove veli\u010dine, Split nudi raznovrsne pla\u017ee i \u010disto more. Od najpopularnije pje\u0161\u010dane <strong>pla\u017ee Ba\u010dvice<\/strong> do skrivenih kamenitih pla\u017ea &#8216;na i oko&#8217; Marjana.<\/p><p>Sve je to u blizini dok boravite kod nas u <strong><a href=\"https:\/\/www.residence-stine.com\/smjestaj\/\">Residence Stine<\/a><\/strong> &#8211; u Varo\u0161u, u samom srcu grada.<\/p>\t\t\t\t\t\t\t\t<\/div>\n\t\t\t\t<\/div>\n\t\t\t\t\t<\/div>\n\t\t<\/div>\n\t\t\t\t\t<\/div>\n\t\t<\/section>\n\t\t\t\t<\/div>\n\t\t","protected":false},"excerpt":{"rendered":"<p>Pri\u010da o Splitu je stara 17 stolje\u0107a, jo\u0161 iz vremena kada je rimski car Dioklecijan odlu\u010dio sagraditi svoju pala\u010du na poluotoku u blizini rimskog grada Salone, gdje je odlu\u010dio provesti preostale godine svog \u017eivota. Usred tih 1700 godina, Pala\u010da se postupno pretvorila u grad, koji do dana\u0161njeg dana skre\u0107e pozornost svojom velikom povije\u0161\u0107u, bogatom tradicijom, [&hellip;]<\/p>\n","protected":false},"author":1,"featured_media":0,"parent":0,"menu_order":0,"comment_status":"closed","ping_status":"closed","template":"","meta":{"site-sidebar-layout":"no-sidebar","site-content-layout":"page-builder","ast-site-content-layout":"default","site-content-style":"default","site-sidebar-style":"default","ast-global-header-display":"","ast-banner-title-visibility":"","ast-main-header-display":"","ast-hfb-above-header-display":"","ast-hfb-below-header-display":"","ast-hfb-mobile-header-display":"","site-post-title":"disabled","ast-breadcrumbs-content":"","ast-featured-img":"disabled","footer-sml-layout":"","ast-disable-related-posts":"","theme-transparent-header-meta":"default","adv-header-id-meta":"","stick-header-meta":"default","header-above-stick-meta":"","header-main-stick-meta":"","header-below-stick-meta":"","astra-migrate-meta-layouts":"default","ast-page-background-enabled":"default","ast-page-background-meta":{"desktop":{"background-color":"","background-image":"","background-repeat":"repeat","background-position":"center center","background-size":"auto","background-attachment":"scroll","background-type":"","background-media":"","overlay-type":"","overlay-color":"","overlay-opacity":"","overlay-gradient":""},"tablet":{"background-color":"","background-image":"","background-repeat":"repeat","background-position":"center center","background-size":"auto","background-attachment":"scroll","background-type":"","background-media":"","overlay-type":"","overlay-color":"","overlay-opacity":"","overlay-gradient":""},"mobile":{"background-color":"","background-image":"","background-repeat":"repeat","background-position":"center center","background-size":"auto","background-attachment":"scroll","background-type":"","background-media":"","overlay-type":"","overlay-color":"","overlay-opacity":"","overlay-gradient":""}},"ast-content-background-meta":{"desktop":{"background-color":"var(--ast-global-color-5)","background-image":"","background-repeat":"repeat","background-position":"center center","background-size":"auto","background-attachment":"scroll","background-type":"","background-media":"","overlay-type":"","overlay-color":"","overlay-opacity":"","overlay-gradient":""},"tablet":{"background-color":"var(--ast-global-color-5)","background-image":"","background-repeat":"repeat","background-position":"center center","background-size":"auto","background-attachment":"scroll","background-type":"","background-media":"","overlay-type":"","overlay-color":"","overlay-opacity":"","overlay-gradient":""},"mobile":{"background-color":"var(--ast-global-color-5)","background-image":"","background-repeat":"repeat","background-position":"center center","background-size":"auto","background-attachment":"scroll","background-type":"","background-media":"","overlay-type":"","overlay-color":"","overlay-opacity":"","overlay-gradient":""}},"footnotes":""},"class_list":["post-45","page","type-page","status-publish","hentry"],"yoast_head":"<!-- This site is optimized with the Yoast SEO plugin v27.5 - https:\/\/yoast.com\/product\/yoast-seo-wordpress\/ -->\n<title>Destinacija - Residence Stine Split Hrvatska<\/title>\n<meta name=\"robots\" content=\"index, follow, max-snippet:-1, max-image-preview:large, max-video-preview:-1\" \/>\n<link rel=\"canonical\" href=\"https:\/\/www.residence-stine.com\/hr\/destinacija\/\" \/>\n<meta property=\"og:locale\" content=\"hr_HR\" \/>\n<meta property=\"og:type\" content=\"article\" \/>\n<meta property=\"og:title\" content=\"Destinacija - Residence Stine Split Hrvatska\" \/>\n<meta property=\"og:description\" content=\"Pri\u010da o Splitu je stara 17 stolje\u0107a, jo\u0161 iz vremena kada je rimski car Dioklecijan odlu\u010dio sagraditi svoju pala\u010du na poluotoku u blizini rimskog grada Salone, gdje je odlu\u010dio provesti preostale godine svog \u017eivota. Usred tih 1700 godina, Pala\u010da se postupno pretvorila u grad, koji do dana\u0161njeg dana skre\u0107e pozornost svojom velikom povije\u0161\u0107u, bogatom tradicijom, [&hellip;]\" \/>\n<meta property=\"og:url\" content=\"https:\/\/www.residence-stine.com\/hr\/destinacija\/\" \/>\n<meta property=\"og:site_name\" content=\"Residence Stine Split Hrvatska\" \/>\n<meta property=\"article:publisher\" content=\"https:\/\/web.facebook.com\/residencestine\/\" \/>\n<meta property=\"article:modified_time\" content=\"2019-06-22T10:11:11+00:00\" \/>\n<meta property=\"og:image\" content=\"https:\/\/www.residence-stine.com\/wp-content\/uploads\/2019\/06\/split-peristil-1-1024x644.jpg\" \/>\n<meta name=\"twitter:card\" content=\"summary_large_image\" \/>\n<meta name=\"twitter:label1\" content=\"Procijenjeno vrijeme \u010ditanja\" \/>\n\t<meta name=\"twitter:data1\" content=\"2 minute\" \/>\n<script type=\"application\/ld+json\" class=\"yoast-schema-graph\">{\"@context\":\"https:\\\/\\\/schema.org\",\"@graph\":[{\"@type\":\"WebPage\",\"@id\":\"https:\\\/\\\/www.residence-stine.com\\\/hr\\\/destinacija\\\/\",\"url\":\"https:\\\/\\\/www.residence-stine.com\\\/hr\\\/destinacija\\\/\",\"name\":\"Destinacija - Residence Stine Split Hrvatska\",\"isPartOf\":{\"@id\":\"https:\\\/\\\/www.residence-stine.com\\\/hr\\\/#website\"},\"primaryImageOfPage\":{\"@id\":\"https:\\\/\\\/www.residence-stine.com\\\/hr\\\/destinacija\\\/#primaryimage\"},\"image\":{\"@id\":\"https:\\\/\\\/www.residence-stine.com\\\/hr\\\/destinacija\\\/#primaryimage\"},\"thumbnailUrl\":\"https:\\\/\\\/www.residence-stine.com\\\/wp-content\\\/uploads\\\/2019\\\/06\\\/split-peristil-1-1024x644.jpg\",\"datePublished\":\"2019-05-21T17:10:36+00:00\",\"dateModified\":\"2019-06-22T10:11:11+00:00\",\"breadcrumb\":{\"@id\":\"https:\\\/\\\/www.residence-stine.com\\\/hr\\\/destinacija\\\/#breadcrumb\"},\"inLanguage\":\"hr\",\"potentialAction\":[{\"@type\":\"ReadAction\",\"target\":[\"https:\\\/\\\/www.residence-stine.com\\\/hr\\\/destinacija\\\/\"]}]},{\"@type\":\"ImageObject\",\"inLanguage\":\"hr\",\"@id\":\"https:\\\/\\\/www.residence-stine.com\\\/hr\\\/destinacija\\\/#primaryimage\",\"url\":\"https:\\\/\\\/www.residence-stine.com\\\/wp-content\\\/uploads\\\/2019\\\/06\\\/split-peristil-1-1024x644.jpg\",\"contentUrl\":\"https:\\\/\\\/www.residence-stine.com\\\/wp-content\\\/uploads\\\/2019\\\/06\\\/split-peristil-1-1024x644.jpg\"},{\"@type\":\"BreadcrumbList\",\"@id\":\"https:\\\/\\\/www.residence-stine.com\\\/hr\\\/destinacija\\\/#breadcrumb\",\"itemListElement\":[{\"@type\":\"ListItem\",\"position\":1,\"name\":\"Po\u010detna stranica\",\"item\":\"https:\\\/\\\/www.residence-stine.com\\\/hr\\\/\"},{\"@type\":\"ListItem\",\"position\":2,\"name\":\"Destinacija\"}]},{\"@type\":\"WebSite\",\"@id\":\"https:\\\/\\\/www.residence-stine.com\\\/hr\\\/#website\",\"url\":\"https:\\\/\\\/www.residence-stine.com\\\/hr\\\/\",\"name\":\"Residence Stine Split Hrvatska\",\"description\":\"Residence Stine, luksuzne sobe s doru\u010dkom u centru Splita. Wi-Fi u cijelom objektu. Sve sobe su klimatizirane, sa sefom u sobi, mini barom, LCD SAT-TV, dobro opremljenim kupaonicama i potrebnim sadr\u017eajima.\",\"publisher\":{\"@id\":\"https:\\\/\\\/www.residence-stine.com\\\/hr\\\/#organization\"},\"potentialAction\":[{\"@type\":\"SearchAction\",\"target\":{\"@type\":\"EntryPoint\",\"urlTemplate\":\"https:\\\/\\\/www.residence-stine.com\\\/hr\\\/?s={search_term_string}\"},\"query-input\":{\"@type\":\"PropertyValueSpecification\",\"valueRequired\":true,\"valueName\":\"search_term_string\"}}],\"inLanguage\":\"hr\"},{\"@type\":\"Organization\",\"@id\":\"https:\\\/\\\/www.residence-stine.com\\\/hr\\\/#organization\",\"name\":\"Residence Stine\",\"url\":\"https:\\\/\\\/www.residence-stine.com\\\/hr\\\/\",\"logo\":{\"@type\":\"ImageObject\",\"inLanguage\":\"hr\",\"@id\":\"https:\\\/\\\/www.residence-stine.com\\\/hr\\\/#\\\/schema\\\/logo\\\/image\\\/\",\"url\":\"https:\\\/\\\/www.residence-stine.com\\\/wp-content\\\/uploads\\\/2019\\\/05\\\/logo-residence-stine-horiz-.png\",\"contentUrl\":\"https:\\\/\\\/www.residence-stine.com\\\/wp-content\\\/uploads\\\/2019\\\/05\\\/logo-residence-stine-horiz-.png\",\"width\":360,\"height\":119,\"caption\":\"Residence Stine\"},\"image\":{\"@id\":\"https:\\\/\\\/www.residence-stine.com\\\/hr\\\/#\\\/schema\\\/logo\\\/image\\\/\"},\"sameAs\":[\"https:\\\/\\\/web.facebook.com\\\/residencestine\\\/\",\"http:\\\/\\\/instagram.com\\\/residencestine\\\/\",\"https:\\\/\\\/www.linkedin.com\\\/company\\\/residence-stine\",\"https:\\\/\\\/www.youtube.com\\\/channel\\\/UCkJBmyfIbtzb8p5SsOklzew\"]}]}<\/script>\n<!-- \/ Yoast SEO plugin. -->","yoast_head_json":{"title":"Destinacija - Residence Stine Split Hrvatska","robots":{"index":"index","follow":"follow","max-snippet":"max-snippet:-1","max-image-preview":"max-image-preview:large","max-video-preview":"max-video-preview:-1"},"canonical":"https:\/\/www.residence-stine.com\/hr\/destinacija\/","og_locale":"hr_HR","og_type":"article","og_title":"Destinacija - Residence Stine Split Hrvatska","og_description":"Pri\u010da o Splitu je stara 17 stolje\u0107a, jo\u0161 iz vremena kada je rimski car Dioklecijan odlu\u010dio sagraditi svoju pala\u010du na poluotoku u blizini rimskog grada Salone, gdje je odlu\u010dio provesti preostale godine svog \u017eivota. Usred tih 1700 godina, Pala\u010da se postupno pretvorila u grad, koji do dana\u0161njeg dana skre\u0107e pozornost svojom velikom povije\u0161\u0107u, bogatom tradicijom, [&hellip;]","og_url":"https:\/\/www.residence-stine.com\/hr\/destinacija\/","og_site_name":"Residence Stine Split Hrvatska","article_publisher":"https:\/\/web.facebook.com\/residencestine\/","article_modified_time":"2019-06-22T10:11:11+00:00","og_image":[{"url":"https:\/\/www.residence-stine.com\/wp-content\/uploads\/2019\/06\/split-peristil-1-1024x644.jpg","type":"","width":"","height":""}],"twitter_card":"summary_large_image","twitter_misc":{"Procijenjeno vrijeme \u010ditanja":"2 minute"},"schema":{"@context":"https:\/\/schema.org","@graph":[{"@type":"WebPage","@id":"https:\/\/www.residence-stine.com\/hr\/destinacija\/","url":"https:\/\/www.residence-stine.com\/hr\/destinacija\/","name":"Destinacija - Residence Stine Split Hrvatska","isPartOf":{"@id":"https:\/\/www.residence-stine.com\/hr\/#website"},"primaryImageOfPage":{"@id":"https:\/\/www.residence-stine.com\/hr\/destinacija\/#primaryimage"},"image":{"@id":"https:\/\/www.residence-stine.com\/hr\/destinacija\/#primaryimage"},"thumbnailUrl":"https:\/\/www.residence-stine.com\/wp-content\/uploads\/2019\/06\/split-peristil-1-1024x644.jpg","datePublished":"2019-05-21T17:10:36+00:00","dateModified":"2019-06-22T10:11:11+00:00","breadcrumb":{"@id":"https:\/\/www.residence-stine.com\/hr\/destinacija\/#breadcrumb"},"inLanguage":"hr","potentialAction":[{"@type":"ReadAction","target":["https:\/\/www.residence-stine.com\/hr\/destinacija\/"]}]},{"@type":"ImageObject","inLanguage":"hr","@id":"https:\/\/www.residence-stine.com\/hr\/destinacija\/#primaryimage","url":"https:\/\/www.residence-stine.com\/wp-content\/uploads\/2019\/06\/split-peristil-1-1024x644.jpg","contentUrl":"https:\/\/www.residence-stine.com\/wp-content\/uploads\/2019\/06\/split-peristil-1-1024x644.jpg"},{"@type":"BreadcrumbList","@id":"https:\/\/www.residence-stine.com\/hr\/destinacija\/#breadcrumb","itemListElement":[{"@type":"ListItem","position":1,"name":"Po\u010detna stranica","item":"https:\/\/www.residence-stine.com\/hr\/"},{"@type":"ListItem","position":2,"name":"Destinacija"}]},{"@type":"WebSite","@id":"https:\/\/www.residence-stine.com\/hr\/#website","url":"https:\/\/www.residence-stine.com\/hr\/","name":"Residence Stine Split Hrvatska","description":"Residence Stine, luksuzne sobe s doru\u010dkom u centru Splita. Wi-Fi u cijelom objektu. Sve sobe su klimatizirane, sa sefom u sobi, mini barom, LCD SAT-TV, dobro opremljenim kupaonicama i potrebnim sadr\u017eajima.","publisher":{"@id":"https:\/\/www.residence-stine.com\/hr\/#organization"},"potentialAction":[{"@type":"SearchAction","target":{"@type":"EntryPoint","urlTemplate":"https:\/\/www.residence-stine.com\/hr\/?s={search_term_string}"},"query-input":{"@type":"PropertyValueSpecification","valueRequired":true,"valueName":"search_term_string"}}],"inLanguage":"hr"},{"@type":"Organization","@id":"https:\/\/www.residence-stine.com\/hr\/#organization","name":"Residence Stine","url":"https:\/\/www.residence-stine.com\/hr\/","logo":{"@type":"ImageObject","inLanguage":"hr","@id":"https:\/\/www.residence-stine.com\/hr\/#\/schema\/logo\/image\/","url":"https:\/\/www.residence-stine.com\/wp-content\/uploads\/2019\/05\/logo-residence-stine-horiz-.png","contentUrl":"https:\/\/www.residence-stine.com\/wp-content\/uploads\/2019\/05\/logo-residence-stine-horiz-.png","width":360,"height":119,"caption":"Residence Stine"},"image":{"@id":"https:\/\/www.residence-stine.com\/hr\/#\/schema\/logo\/image\/"},"sameAs":["https:\/\/web.facebook.com\/residencestine\/","http:\/\/instagram.com\/residencestine\/","https:\/\/www.linkedin.com\/company\/residence-stine","https:\/\/www.youtube.com\/channel\/UCkJBmyfIbtzb8p5SsOklzew"]}]}},"_links":{"self":[{"href":"https:\/\/www.residence-stine.com\/hr\/wp-json\/wp\/v2\/pages\/45","targetHints":{"allow":["GET"]}}],"collection":[{"href":"https:\/\/www.residence-stine.com\/hr\/wp-json\/wp\/v2\/pages"}],"about":[{"href":"https:\/\/www.residence-stine.com\/hr\/wp-json\/wp\/v2\/types\/page"}],"author":[{"embeddable":true,"href":"https:\/\/www.residence-stine.com\/hr\/wp-json\/wp\/v2\/users\/1"}],"replies":[{"embeddable":true,"href":"https:\/\/www.residence-stine.com\/hr\/wp-json\/wp\/v2\/comments?post=45"}],"version-history":[{"count":5,"href":"https:\/\/www.residence-stine.com\/hr\/wp-json\/wp\/v2\/pages\/45\/revisions"}],"predecessor-version":[{"id":628,"href":"https:\/\/www.residence-stine.com\/hr\/wp-json\/wp\/v2\/pages\/45\/revisions\/628"}],"wp:attachment":[{"href":"https:\/\/www.residence-stine.com\/hr\/wp-json\/wp\/v2\/media?parent=45"}],"curies":[{"name":"wp","href":"https:\/\/api.w.org\/{rel}","templated":true}]}}