{"id":47,"date":"2019-05-21T17:10:53","date_gmt":"2019-05-21T17:10:53","guid":{"rendered":"https:\/\/www.residence-stine.com\/?page_id=47"},"modified":"2019-08-26T09:31:11","modified_gmt":"2019-08-26T09:31:11","slug":"usluge","status":"publish","type":"page","link":"https:\/\/www.residence-stine.com\/hr\/usluge\/","title":{"rendered":"Usluge"},"content":{"rendered":"\t\t<div data-elementor-type=\"wp-page\" data-elementor-id=\"47\" class=\"elementor elementor-47\" data-elementor-post-type=\"page\">\n\t\t\t\t\t\t<section class=\"elementor-section elementor-top-section elementor-element elementor-element-3d4f7c3 elementor-section-boxed elementor-section-height-default elementor-section-height-default\" data-id=\"3d4f7c3\" data-element_type=\"section\" data-e-type=\"section\">\n\t\t\t\t\t\t<div class=\"elementor-container elementor-column-gap-default\">\n\t\t\t\t\t<div class=\"elementor-column elementor-col-100 elementor-top-column elementor-element elementor-element-f4a4ea5\" data-id=\"f4a4ea5\" data-element_type=\"column\" data-e-type=\"column\">\n\t\t\t<div class=\"elementor-widget-wrap elementor-element-populated\">\n\t\t\t\t\t\t\t<\/div>\n\t\t<\/div>\n\t\t\t\t\t<\/div>\n\t\t<\/section>\n\t\t\t\t<section class=\"elementor-section elementor-top-section elementor-element elementor-element-6620fc20 elementor-section-boxed elementor-section-height-default elementor-section-height-default\" data-id=\"6620fc20\" data-element_type=\"section\" data-e-type=\"section\" id=\"dorucak\">\n\t\t\t\t\t\t<div class=\"elementor-container elementor-column-gap-default\">\n\t\t\t\t\t<div class=\"elementor-column elementor-col-50 elementor-top-column elementor-element elementor-element-2b48ba4f\" data-id=\"2b48ba4f\" data-element_type=\"column\" data-e-type=\"column\">\n\t\t\t<div class=\"elementor-widget-wrap elementor-element-populated\">\n\t\t\t\t\t\t<div class=\"elementor-element elementor-element-6c4136e4 elementor-widget elementor-widget-image\" data-id=\"6c4136e4\" data-element_type=\"widget\" data-e-type=\"widget\" data-widget_type=\"image.default\">\n\t\t\t\t<div class=\"elementor-widget-container\">\n\t\t\t\t\t\t\t\t\t\t\t\t\t\t\t<img fetchpriority=\"high\" decoding=\"async\" width=\"800\" height=\"533\" src=\"https:\/\/www.residence-stine.com\/wp-content\/uploads\/2019\/07\/breakfast-6.jpg\" class=\"attachment-large size-large wp-image-993\" alt=\"\" srcset=\"https:\/\/www.residence-stine.com\/wp-content\/uploads\/2019\/07\/breakfast-6.jpg 800w, https:\/\/www.residence-stine.com\/wp-content\/uploads\/2019\/07\/breakfast-6-300x200.jpg 300w, https:\/\/www.residence-stine.com\/wp-content\/uploads\/2019\/07\/breakfast-6-768x512.jpg 768w\" sizes=\"(max-width: 800px) 100vw, 800px\" \/>\t\t\t\t\t\t\t\t\t\t\t\t\t\t\t<\/div>\n\t\t\t\t<\/div>\n\t\t\t\t\t<\/div>\n\t\t<\/div>\n\t\t\t\t<div class=\"elementor-column elementor-col-50 elementor-top-column elementor-element elementor-element-7cec847a\" data-id=\"7cec847a\" data-element_type=\"column\" data-e-type=\"column\">\n\t\t\t<div class=\"elementor-widget-wrap elementor-element-populated\">\n\t\t\t\t\t\t<div class=\"elementor-element elementor-element-4876fecd elementor-widget elementor-widget-text-editor\" data-id=\"4876fecd\" data-element_type=\"widget\" data-e-type=\"widget\" data-widget_type=\"text-editor.default\">\n\t\t\t\t<div class=\"elementor-widget-container\">\n\t\t\t\t\t\t\t\t\t<h2>Doru\u010dak<\/h2><p>Dobro jutro! Dobar dan zapo\u010dinje dobrim jutrom, a svako dobro jutro zapo\u010dinje doru\u010dkom. <\/p><p>Na\u0161 recept za va\u0161 doru\u010dak: Kombinacija \u0161vedskog stola i \u00e0 la minute usluge, kvalitetne namirnice, lokalni proizvodi uz najbitniji za\u010din &#8211; ljubaznost na\u0161eg osoblja. Garancija za doru\u010dak po Va\u0161oj \u017eelji. Dobar tek!<\/p>\t\t\t\t\t\t\t\t<\/div>\n\t\t\t\t<\/div>\n\t\t\t\t\t<\/div>\n\t\t<\/div>\n\t\t\t\t\t<\/div>\n\t\t<\/section>\n\t\t\t\t<section class=\"elementor-section elementor-top-section elementor-element elementor-element-aa4a028 elementor-section-boxed elementor-section-height-default elementor-section-height-default\" data-id=\"aa4a028\" data-element_type=\"section\" data-e-type=\"section\">\n\t\t\t\t\t\t<div class=\"elementor-container elementor-column-gap-default\">\n\t\t\t\t\t<div class=\"elementor-column elementor-col-50 elementor-top-column elementor-element elementor-element-8a9854a\" data-id=\"8a9854a\" data-element_type=\"column\" data-e-type=\"column\">\n\t\t\t<div class=\"elementor-widget-wrap elementor-element-populated\">\n\t\t\t\t\t\t<div class=\"elementor-element elementor-element-a7b9c04 elementor-widget elementor-widget-image\" data-id=\"a7b9c04\" data-element_type=\"widget\" data-e-type=\"widget\" data-widget_type=\"image.default\">\n\t\t\t\t<div class=\"elementor-widget-container\">\n\t\t\t\t\t\t\t\t\t\t\t\t\t\t\t<img decoding=\"async\" width=\"800\" height=\"600\" src=\"https:\/\/www.residence-stine.com\/wp-content\/uploads\/2019\/06\/split-boat-transfer-1.jpg\" class=\"attachment-large size-large wp-image-325\" alt=\"\" srcset=\"https:\/\/www.residence-stine.com\/wp-content\/uploads\/2019\/06\/split-boat-transfer-1.jpg 800w, https:\/\/www.residence-stine.com\/wp-content\/uploads\/2019\/06\/split-boat-transfer-1-300x225.jpg 300w, https:\/\/www.residence-stine.com\/wp-content\/uploads\/2019\/06\/split-boat-transfer-1-768x576.jpg 768w\" sizes=\"(max-width: 800px) 100vw, 800px\" \/>\t\t\t\t\t\t\t\t\t\t\t\t\t\t\t<\/div>\n\t\t\t\t<\/div>\n\t\t\t\t\t<\/div>\n\t\t<\/div>\n\t\t\t\t<div class=\"elementor-column elementor-col-50 elementor-top-column elementor-element elementor-element-d812248\" data-id=\"d812248\" data-element_type=\"column\" data-e-type=\"column\">\n\t\t\t<div class=\"elementor-widget-wrap elementor-element-populated\">\n\t\t\t\t\t\t<div class=\"elementor-element elementor-element-5b9f661 elementor-widget elementor-widget-text-editor\" data-id=\"5b9f661\" data-element_type=\"widget\" data-e-type=\"widget\" id=\"transfer\" data-widget_type=\"text-editor.default\">\n\t\t\t\t<div class=\"elementor-widget-container\">\n\t\t\t\t\t\t\t\t\t<h2>Transfer<\/h2>\n<p>Zra\u010dna luka Split (SPU) u Ka\u0161telima nalazi se (25 kilometara) od Residence Stine, \u0161to je oko 35 minuta vo\u017enje u umjerenom prometu. Za vas se mogu dogovoriti usluge prijevoza iz \/ do zra\u010dne luke. Usluga transfera od \/ do zra\u010dne luke Split je mogu\u0107a u automobilu za do 2 putnika (s najvi\u0161e 3 kofera) ili u kombiju za do 7 putnika.<\/p>\n<p>Za upite i informacije <a href=\"https:\/\/www.residence-stine.com\/kontakt\/\">kontaktirajte nas<\/a><\/p>\n<p><\/p>\t\t\t\t\t\t\t\t<\/div>\n\t\t\t\t<\/div>\n\t\t\t\t\t<\/div>\n\t\t<\/div>\n\t\t\t\t\t<\/div>\n\t\t<\/section>\n\t\t\t\t<section class=\"elementor-section elementor-top-section elementor-element elementor-element-744489c elementor-section-boxed elementor-section-height-default elementor-section-height-default\" data-id=\"744489c\" data-element_type=\"section\" data-e-type=\"section\">\n\t\t\t\t\t\t<div class=\"elementor-container elementor-column-gap-default\">\n\t\t\t\t\t<div class=\"elementor-column elementor-col-50 elementor-top-column elementor-element elementor-element-4c34635\" data-id=\"4c34635\" data-element_type=\"column\" data-e-type=\"column\">\n\t\t\t<div class=\"elementor-widget-wrap elementor-element-populated\">\n\t\t\t\t\t\t<div class=\"elementor-element elementor-element-914faf4 elementor-widget elementor-widget-image\" data-id=\"914faf4\" data-element_type=\"widget\" data-e-type=\"widget\" data-widget_type=\"image.default\">\n\t\t\t\t<div class=\"elementor-widget-container\">\n\t\t\t\t\t\t\t\t\t\t\t\t\t\t\t<img decoding=\"async\" width=\"1024\" height=\"754\" src=\"https:\/\/www.residence-stine.com\/wp-content\/uploads\/2019\/06\/split-excursion-bol-1-1024x754.jpg\" class=\"attachment-large size-large wp-image-321\" alt=\"\" srcset=\"https:\/\/www.residence-stine.com\/wp-content\/uploads\/2019\/06\/split-excursion-bol-1-1024x754.jpg 1024w, https:\/\/www.residence-stine.com\/wp-content\/uploads\/2019\/06\/split-excursion-bol-1-300x221.jpg 300w, https:\/\/www.residence-stine.com\/wp-content\/uploads\/2019\/06\/split-excursion-bol-1-768x566.jpg 768w, https:\/\/www.residence-stine.com\/wp-content\/uploads\/2019\/06\/split-excursion-bol-1.jpg 1200w\" sizes=\"(max-width: 1024px) 100vw, 1024px\" \/>\t\t\t\t\t\t\t\t\t\t\t\t\t\t\t<\/div>\n\t\t\t\t<\/div>\n\t\t\t\t\t<\/div>\n\t\t<\/div>\n\t\t\t\t<div class=\"elementor-column elementor-col-50 elementor-top-column elementor-element elementor-element-bad0a02\" data-id=\"bad0a02\" data-element_type=\"column\" data-e-type=\"column\">\n\t\t\t<div class=\"elementor-widget-wrap elementor-element-populated\">\n\t\t\t\t\t\t<div class=\"elementor-element elementor-element-c5c9237 elementor-widget elementor-widget-text-editor\" data-id=\"c5c9237\" data-element_type=\"widget\" data-e-type=\"widget\" data-widget_type=\"text-editor.default\">\n\t\t\t\t<div class=\"elementor-widget-container\">\n\t\t\t\t\t\t\t\t\t<h2><a href=\"https:\/\/www.residence-stine.com\/izleti\/\">Izleti<\/a><\/h2><div>Bilo da volite avanturu, lagane \u0161etnje u prirodi ili samo \u017eelite udovoljiti va\u0161im nepcima, u suradnji s na\u0161im partnerima za Vas smo odabrali izlete koji \u0107e Vam vjerujemo do\u010darati posebnosti i \u010dari Dalmacije i Hrvatske.<\/div><div><a href=\"https:\/\/www.residence-stine.com\/izleti\/\">Istra\u017eite sve izlete<\/a><\/div>\t\t\t\t\t\t\t\t<\/div>\n\t\t\t\t<\/div>\n\t\t\t\t\t<\/div>\n\t\t<\/div>\n\t\t\t\t\t<\/div>\n\t\t<\/section>\n\t\t\t\t<\/div>\n\t\t","protected":false},"excerpt":{"rendered":"<p>Doru\u010dak Dobro jutro! Dobar dan zapo\u010dinje dobrim jutrom, a svako dobro jutro zapo\u010dinje doru\u010dkom. Na\u0161 recept za va\u0161 doru\u010dak: Kombinacija \u0161vedskog stola i \u00e0 la minute usluge, kvalitetne namirnice, lokalni proizvodi uz najbitniji za\u010din &#8211; ljubaznost na\u0161eg osoblja. Garancija za doru\u010dak po Va\u0161oj \u017eelji. Dobar tek! Transfer Zra\u010dna luka Split (SPU) u Ka\u0161telima nalazi se [&hellip;]<\/p>\n","protected":false},"author":1,"featured_media":0,"parent":0,"menu_order":0,"comment_status":"closed","ping_status":"closed","template":"","meta":{"site-sidebar-layout":"no-sidebar","site-content-layout":"page-builder","ast-site-content-layout":"default","site-content-style":"default","site-sidebar-style":"default","ast-global-header-display":"","ast-banner-title-visibility":"","ast-main-header-display":"","ast-hfb-above-header-display":"","ast-hfb-below-header-display":"","ast-hfb-mobile-header-display":"","site-post-title":"disabled","ast-breadcrumbs-content":"","ast-featured-img":"disabled","footer-sml-layout":"","ast-disable-related-posts":"","theme-transparent-header-meta":"default","adv-header-id-meta":"","stick-header-meta":"default","header-above-stick-meta":"","header-main-stick-meta":"","header-below-stick-meta":"","astra-migrate-meta-layouts":"default","ast-page-background-enabled":"default","ast-page-background-meta":{"desktop":{"background-color":"","background-image":"","background-repeat":"repeat","background-position":"center center","background-size":"auto","background-attachment":"scroll","background-type":"","background-media":"","overlay-type":"","overlay-color":"","overlay-opacity":"","overlay-gradient":""},"tablet":{"background-color":"","background-image":"","background-repeat":"repeat","background-position":"center center","background-size":"auto","background-attachment":"scroll","background-type":"","background-media":"","overlay-type":"","overlay-color":"","overlay-opacity":"","overlay-gradient":""},"mobile":{"background-color":"","background-image":"","background-repeat":"repeat","background-position":"center center","background-size":"auto","background-attachment":"scroll","background-type":"","background-media":"","overlay-type":"","overlay-color":"","overlay-opacity":"","overlay-gradient":""}},"ast-content-background-meta":{"desktop":{"background-color":"var(--ast-global-color-5)","background-image":"","background-repeat":"repeat","background-position":"center center","background-size":"auto","background-attachment":"scroll","background-type":"","background-media":"","overlay-type":"","overlay-color":"","overlay-opacity":"","overlay-gradient":""},"tablet":{"background-color":"var(--ast-global-color-5)","background-image":"","background-repeat":"repeat","background-position":"center center","background-size":"auto","background-attachment":"scroll","background-type":"","background-media":"","overlay-type":"","overlay-color":"","overlay-opacity":"","overlay-gradient":""},"mobile":{"background-color":"var(--ast-global-color-5)","background-image":"","background-repeat":"repeat","background-position":"center center","background-size":"auto","background-attachment":"scroll","background-type":"","background-media":"","overlay-type":"","overlay-color":"","overlay-opacity":"","overlay-gradient":""}},"footnotes":""},"class_list":["post-47","page","type-page","status-publish","hentry"],"yoast_head":"<!-- This site is optimized with the Yoast SEO plugin v27.5 - https:\/\/yoast.com\/product\/yoast-seo-wordpress\/ -->\n<title>Usluge - Residence Stine Split Hrvatska<\/title>\n<meta name=\"robots\" content=\"index, follow, max-snippet:-1, max-image-preview:large, max-video-preview:-1\" \/>\n<link rel=\"canonical\" href=\"https:\/\/www.residence-stine.com\/hr\/usluge\/\" \/>\n<meta property=\"og:locale\" content=\"hr_HR\" \/>\n<meta property=\"og:type\" content=\"article\" \/>\n<meta property=\"og:title\" content=\"Usluge - Residence Stine Split Hrvatska\" \/>\n<meta property=\"og:description\" content=\"Doru\u010dak Dobro jutro! Dobar dan zapo\u010dinje dobrim jutrom, a svako dobro jutro zapo\u010dinje doru\u010dkom. Na\u0161 recept za va\u0161 doru\u010dak: Kombinacija \u0161vedskog stola i \u00e0 la minute usluge, kvalitetne namirnice, lokalni proizvodi uz najbitniji za\u010din &#8211; ljubaznost na\u0161eg osoblja. Garancija za doru\u010dak po Va\u0161oj \u017eelji. Dobar tek! Transfer Zra\u010dna luka Split (SPU) u Ka\u0161telima nalazi se [&hellip;]\" \/>\n<meta property=\"og:url\" content=\"https:\/\/www.residence-stine.com\/hr\/usluge\/\" \/>\n<meta property=\"og:site_name\" content=\"Residence Stine Split Hrvatska\" \/>\n<meta property=\"article:publisher\" content=\"https:\/\/web.facebook.com\/residencestine\/\" \/>\n<meta property=\"article:modified_time\" content=\"2019-08-26T09:31:11+00:00\" \/>\n<meta property=\"og:image\" content=\"https:\/\/www.residence-stine.com\/wp-content\/uploads\/2019\/07\/breakfast-6.jpg\" \/>\n<meta name=\"twitter:card\" content=\"summary_large_image\" \/>\n<meta name=\"twitter:label1\" content=\"Procijenjeno vrijeme \u010ditanja\" \/>\n\t<meta name=\"twitter:data1\" content=\"1 minuta\" \/>\n<script type=\"application\/ld+json\" class=\"yoast-schema-graph\">{\"@context\":\"https:\\\/\\\/schema.org\",\"@graph\":[{\"@type\":\"WebPage\",\"@id\":\"https:\\\/\\\/www.residence-stine.com\\\/hr\\\/usluge\\\/\",\"url\":\"https:\\\/\\\/www.residence-stine.com\\\/hr\\\/usluge\\\/\",\"name\":\"Usluge - Residence Stine Split Hrvatska\",\"isPartOf\":{\"@id\":\"https:\\\/\\\/www.residence-stine.com\\\/hr\\\/#website\"},\"primaryImageOfPage\":{\"@id\":\"https:\\\/\\\/www.residence-stine.com\\\/hr\\\/usluge\\\/#primaryimage\"},\"image\":{\"@id\":\"https:\\\/\\\/www.residence-stine.com\\\/hr\\\/usluge\\\/#primaryimage\"},\"thumbnailUrl\":\"https:\\\/\\\/www.residence-stine.com\\\/wp-content\\\/uploads\\\/2019\\\/07\\\/breakfast-6.jpg\",\"datePublished\":\"2019-05-21T17:10:53+00:00\",\"dateModified\":\"2019-08-26T09:31:11+00:00\",\"breadcrumb\":{\"@id\":\"https:\\\/\\\/www.residence-stine.com\\\/hr\\\/usluge\\\/#breadcrumb\"},\"inLanguage\":\"hr\",\"potentialAction\":[{\"@type\":\"ReadAction\",\"target\":[\"https:\\\/\\\/www.residence-stine.com\\\/hr\\\/usluge\\\/\"]}]},{\"@type\":\"ImageObject\",\"inLanguage\":\"hr\",\"@id\":\"https:\\\/\\\/www.residence-stine.com\\\/hr\\\/usluge\\\/#primaryimage\",\"url\":\"https:\\\/\\\/www.residence-stine.com\\\/wp-content\\\/uploads\\\/2019\\\/07\\\/breakfast-6.jpg\",\"contentUrl\":\"https:\\\/\\\/www.residence-stine.com\\\/wp-content\\\/uploads\\\/2019\\\/07\\\/breakfast-6.jpg\"},{\"@type\":\"BreadcrumbList\",\"@id\":\"https:\\\/\\\/www.residence-stine.com\\\/hr\\\/usluge\\\/#breadcrumb\",\"itemListElement\":[{\"@type\":\"ListItem\",\"position\":1,\"name\":\"Po\u010detna stranica\",\"item\":\"https:\\\/\\\/www.residence-stine.com\\\/hr\\\/\"},{\"@type\":\"ListItem\",\"position\":2,\"name\":\"Usluge\"}]},{\"@type\":\"WebSite\",\"@id\":\"https:\\\/\\\/www.residence-stine.com\\\/hr\\\/#website\",\"url\":\"https:\\\/\\\/www.residence-stine.com\\\/hr\\\/\",\"name\":\"Residence Stine Split Hrvatska\",\"description\":\"Residence Stine, luksuzne sobe s doru\u010dkom u centru Splita. Wi-Fi u cijelom objektu. Sve sobe su klimatizirane, sa sefom u sobi, mini barom, LCD SAT-TV, dobro opremljenim kupaonicama i potrebnim sadr\u017eajima.\",\"publisher\":{\"@id\":\"https:\\\/\\\/www.residence-stine.com\\\/hr\\\/#organization\"},\"potentialAction\":[{\"@type\":\"SearchAction\",\"target\":{\"@type\":\"EntryPoint\",\"urlTemplate\":\"https:\\\/\\\/www.residence-stine.com\\\/hr\\\/?s={search_term_string}\"},\"query-input\":{\"@type\":\"PropertyValueSpecification\",\"valueRequired\":true,\"valueName\":\"search_term_string\"}}],\"inLanguage\":\"hr\"},{\"@type\":\"Organization\",\"@id\":\"https:\\\/\\\/www.residence-stine.com\\\/hr\\\/#organization\",\"name\":\"Residence Stine\",\"url\":\"https:\\\/\\\/www.residence-stine.com\\\/hr\\\/\",\"logo\":{\"@type\":\"ImageObject\",\"inLanguage\":\"hr\",\"@id\":\"https:\\\/\\\/www.residence-stine.com\\\/hr\\\/#\\\/schema\\\/logo\\\/image\\\/\",\"url\":\"https:\\\/\\\/www.residence-stine.com\\\/wp-content\\\/uploads\\\/2019\\\/05\\\/logo-residence-stine-horiz-.png\",\"contentUrl\":\"https:\\\/\\\/www.residence-stine.com\\\/wp-content\\\/uploads\\\/2019\\\/05\\\/logo-residence-stine-horiz-.png\",\"width\":360,\"height\":119,\"caption\":\"Residence Stine\"},\"image\":{\"@id\":\"https:\\\/\\\/www.residence-stine.com\\\/hr\\\/#\\\/schema\\\/logo\\\/image\\\/\"},\"sameAs\":[\"https:\\\/\\\/web.facebook.com\\\/residencestine\\\/\",\"http:\\\/\\\/instagram.com\\\/residencestine\\\/\",\"https:\\\/\\\/www.linkedin.com\\\/company\\\/residence-stine\",\"https:\\\/\\\/www.youtube.com\\\/channel\\\/UCkJBmyfIbtzb8p5SsOklzew\"]}]}<\/script>\n<!-- \/ Yoast SEO plugin. -->","yoast_head_json":{"title":"Usluge - Residence Stine Split Hrvatska","robots":{"index":"index","follow":"follow","max-snippet":"max-snippet:-1","max-image-preview":"max-image-preview:large","max-video-preview":"max-video-preview:-1"},"canonical":"https:\/\/www.residence-stine.com\/hr\/usluge\/","og_locale":"hr_HR","og_type":"article","og_title":"Usluge - Residence Stine Split Hrvatska","og_description":"Doru\u010dak Dobro jutro! Dobar dan zapo\u010dinje dobrim jutrom, a svako dobro jutro zapo\u010dinje doru\u010dkom. Na\u0161 recept za va\u0161 doru\u010dak: Kombinacija \u0161vedskog stola i \u00e0 la minute usluge, kvalitetne namirnice, lokalni proizvodi uz najbitniji za\u010din &#8211; ljubaznost na\u0161eg osoblja. Garancija za doru\u010dak po Va\u0161oj \u017eelji. Dobar tek! Transfer Zra\u010dna luka Split (SPU) u Ka\u0161telima nalazi se [&hellip;]","og_url":"https:\/\/www.residence-stine.com\/hr\/usluge\/","og_site_name":"Residence Stine Split Hrvatska","article_publisher":"https:\/\/web.facebook.com\/residencestine\/","article_modified_time":"2019-08-26T09:31:11+00:00","og_image":[{"url":"https:\/\/www.residence-stine.com\/wp-content\/uploads\/2019\/07\/breakfast-6.jpg","type":"","width":"","height":""}],"twitter_card":"summary_large_image","twitter_misc":{"Procijenjeno vrijeme \u010ditanja":"1 minuta"},"schema":{"@context":"https:\/\/schema.org","@graph":[{"@type":"WebPage","@id":"https:\/\/www.residence-stine.com\/hr\/usluge\/","url":"https:\/\/www.residence-stine.com\/hr\/usluge\/","name":"Usluge - Residence Stine Split Hrvatska","isPartOf":{"@id":"https:\/\/www.residence-stine.com\/hr\/#website"},"primaryImageOfPage":{"@id":"https:\/\/www.residence-stine.com\/hr\/usluge\/#primaryimage"},"image":{"@id":"https:\/\/www.residence-stine.com\/hr\/usluge\/#primaryimage"},"thumbnailUrl":"https:\/\/www.residence-stine.com\/wp-content\/uploads\/2019\/07\/breakfast-6.jpg","datePublished":"2019-05-21T17:10:53+00:00","dateModified":"2019-08-26T09:31:11+00:00","breadcrumb":{"@id":"https:\/\/www.residence-stine.com\/hr\/usluge\/#breadcrumb"},"inLanguage":"hr","potentialAction":[{"@type":"ReadAction","target":["https:\/\/www.residence-stine.com\/hr\/usluge\/"]}]},{"@type":"ImageObject","inLanguage":"hr","@id":"https:\/\/www.residence-stine.com\/hr\/usluge\/#primaryimage","url":"https:\/\/www.residence-stine.com\/wp-content\/uploads\/2019\/07\/breakfast-6.jpg","contentUrl":"https:\/\/www.residence-stine.com\/wp-content\/uploads\/2019\/07\/breakfast-6.jpg"},{"@type":"BreadcrumbList","@id":"https:\/\/www.residence-stine.com\/hr\/usluge\/#breadcrumb","itemListElement":[{"@type":"ListItem","position":1,"name":"Po\u010detna stranica","item":"https:\/\/www.residence-stine.com\/hr\/"},{"@type":"ListItem","position":2,"name":"Usluge"}]},{"@type":"WebSite","@id":"https:\/\/www.residence-stine.com\/hr\/#website","url":"https:\/\/www.residence-stine.com\/hr\/","name":"Residence Stine Split Hrvatska","description":"Residence Stine, luksuzne sobe s doru\u010dkom u centru Splita. Wi-Fi u cijelom objektu. Sve sobe su klimatizirane, sa sefom u sobi, mini barom, LCD SAT-TV, dobro opremljenim kupaonicama i potrebnim sadr\u017eajima.","publisher":{"@id":"https:\/\/www.residence-stine.com\/hr\/#organization"},"potentialAction":[{"@type":"SearchAction","target":{"@type":"EntryPoint","urlTemplate":"https:\/\/www.residence-stine.com\/hr\/?s={search_term_string}"},"query-input":{"@type":"PropertyValueSpecification","valueRequired":true,"valueName":"search_term_string"}}],"inLanguage":"hr"},{"@type":"Organization","@id":"https:\/\/www.residence-stine.com\/hr\/#organization","name":"Residence Stine","url":"https:\/\/www.residence-stine.com\/hr\/","logo":{"@type":"ImageObject","inLanguage":"hr","@id":"https:\/\/www.residence-stine.com\/hr\/#\/schema\/logo\/image\/","url":"https:\/\/www.residence-stine.com\/wp-content\/uploads\/2019\/05\/logo-residence-stine-horiz-.png","contentUrl":"https:\/\/www.residence-stine.com\/wp-content\/uploads\/2019\/05\/logo-residence-stine-horiz-.png","width":360,"height":119,"caption":"Residence Stine"},"image":{"@id":"https:\/\/www.residence-stine.com\/hr\/#\/schema\/logo\/image\/"},"sameAs":["https:\/\/web.facebook.com\/residencestine\/","http:\/\/instagram.com\/residencestine\/","https:\/\/www.linkedin.com\/company\/residence-stine","https:\/\/www.youtube.com\/channel\/UCkJBmyfIbtzb8p5SsOklzew"]}]}},"_links":{"self":[{"href":"https:\/\/www.residence-stine.com\/hr\/wp-json\/wp\/v2\/pages\/47","targetHints":{"allow":["GET"]}}],"collection":[{"href":"https:\/\/www.residence-stine.com\/hr\/wp-json\/wp\/v2\/pages"}],"about":[{"href":"https:\/\/www.residence-stine.com\/hr\/wp-json\/wp\/v2\/types\/page"}],"author":[{"embeddable":true,"href":"https:\/\/www.residence-stine.com\/hr\/wp-json\/wp\/v2\/users\/1"}],"replies":[{"embeddable":true,"href":"https:\/\/www.residence-stine.com\/hr\/wp-json\/wp\/v2\/comments?post=47"}],"version-history":[{"count":5,"href":"https:\/\/www.residence-stine.com\/hr\/wp-json\/wp\/v2\/pages\/47\/revisions"}],"predecessor-version":[{"id":1632,"href":"https:\/\/www.residence-stine.com\/hr\/wp-json\/wp\/v2\/pages\/47\/revisions\/1632"}],"wp:attachment":[{"href":"https:\/\/www.residence-stine.com\/hr\/wp-json\/wp\/v2\/media?parent=47"}],"curies":[{"name":"wp","href":"https:\/\/api.w.org\/{rel}","templated":true}]}}