{"id":49,"date":"2019-05-21T17:11:26","date_gmt":"2019-05-21T17:11:26","guid":{"rendered":"https:\/\/www.residence-stine.com\/?page_id=49"},"modified":"2019-06-29T07:39:29","modified_gmt":"2019-06-29T07:39:29","slug":"blog","status":"publish","type":"page","link":"https:\/\/www.residence-stine.com\/hr\/blog\/","title":{"rendered":"Blog"},"content":{"rendered":"\t\t<div data-elementor-type=\"wp-page\" data-elementor-id=\"49\" class=\"elementor elementor-49\" data-elementor-post-type=\"page\">\n\t\t\t\t\t\t<section class=\"elementor-section elementor-top-section elementor-element elementor-element-49c4fa7 elementor-section-boxed elementor-section-height-default elementor-section-height-default\" data-id=\"49c4fa7\" data-element_type=\"section\" data-e-type=\"section\">\n\t\t\t\t\t\t<div class=\"elementor-container elementor-column-gap-default\">\n\t\t\t\t\t<div class=\"elementor-column elementor-col-100 elementor-top-column elementor-element elementor-element-baa2cf1\" data-id=\"baa2cf1\" data-element_type=\"column\" data-e-type=\"column\">\n\t\t\t<div class=\"elementor-widget-wrap elementor-element-populated\">\n\t\t\t\t\t\t<div class=\"elementor-element elementor-element-19470f9 elementor-grid-3 elementor-grid-tablet-2 elementor-grid-mobile-1 elementor-posts--thumbnail-top elementor-widget elementor-widget-posts\" data-id=\"19470f9\" data-element_type=\"widget\" data-e-type=\"widget\" data-settings=\"{&quot;classic_columns&quot;:&quot;3&quot;,&quot;classic_columns_tablet&quot;:&quot;2&quot;,&quot;classic_columns_mobile&quot;:&quot;1&quot;,&quot;classic_row_gap&quot;:{&quot;unit&quot;:&quot;px&quot;,&quot;size&quot;:35,&quot;sizes&quot;:[]},&quot;classic_row_gap_tablet&quot;:{&quot;unit&quot;:&quot;px&quot;,&quot;size&quot;:&quot;&quot;,&quot;sizes&quot;:[]},&quot;classic_row_gap_mobile&quot;:{&quot;unit&quot;:&quot;px&quot;,&quot;size&quot;:&quot;&quot;,&quot;sizes&quot;:[]}}\" data-widget_type=\"posts.classic\">\n\t\t\t\t<div class=\"elementor-widget-container\">\n\t\t\t\t\t\t\t<div class=\"elementor-posts-container elementor-posts elementor-posts--skin-classic elementor-grid\" role=\"list\">\n\t\t\t\t<article class=\"elementor-post elementor-grid-item post-1944 post type-post status-publish format-standard has-post-thumbnail hentry category-blog\" role=\"listitem\">\n\t\t\t\t<a class=\"elementor-post__thumbnail__link\" href=\"https:\/\/www.residence-stine.com\/hr\/tjedan-odmora-vrijedan-2020-2\/\" tabindex=\"-1\" >\n\t\t\t<div class=\"elementor-post__thumbnail\"><img fetchpriority=\"high\" decoding=\"async\" width=\"234\" height=\"300\" src=\"https:\/\/www.residence-stine.com\/wp-content\/uploads\/2020\/03\/Izrezak-2-234x300.jpg\" class=\"attachment-medium size-medium wp-image-1940\" alt=\"\" srcset=\"https:\/\/www.residence-stine.com\/wp-content\/uploads\/2020\/03\/Izrezak-2-234x300.jpg 234w, https:\/\/www.residence-stine.com\/wp-content\/uploads\/2020\/03\/Izrezak-2.jpg 631w\" sizes=\"(max-width: 234px) 100vw, 234px\" \/><\/div>\n\t\t<\/a>\n\t\t\t\t<div class=\"elementor-post__text\">\n\t\t\t\t<h3 class=\"elementor-post__title\">\n\t\t\t<a href=\"https:\/\/www.residence-stine.com\/hr\/tjedan-odmora-vrijedan-2020-2\/\" >\n\t\t\t\tTjedan odmora vrijedan 2020\t\t\t<\/a>\n\t\t<\/h3>\n\t\t\t\t<div class=\"elementor-post__meta-data\">\n\t\t\t\t\t<span class=\"elementor-post-date\">\n\t\t\t2020-10-06\t\t<\/span>\n\t\t\t\t<\/div>\n\t\t\t\t<div class=\"elementor-post__excerpt\">\n\t\t\t<p>Va\u0161 zaslu\u017eeni odmor po\u010dinje u \u0161armantnom Bed &amp; Breakfast objektu Residence Stine u srcu Splita! U\u017eivajte u popustu od 50% na sve sobe. Raznolik doru\u010dak i Wi-FI uklju\u010deni u cijenu. Superior standard soba redovna cijena \u20ac132 minus 55%=\u20ac59,40Deluxe standard soba sa balkonom redovna cijena \u20ac152 minus 55%=\u20ac68,40 Za rezervacije molimo kontaktirajte nas na: booking@residence-stine.com<\/p>\n\t\t<\/div>\n\t\t\n\t\t<a class=\"elementor-post__read-more\" href=\"https:\/\/www.residence-stine.com\/hr\/tjedan-odmora-vrijedan-2020-2\/\" aria-label=\"Read more about Tjedan odmora vrijedan 2020\" tabindex=\"-1\" >\n\t\t\tOp\u0161irnije \u00bb\t\t<\/a>\n\n\t\t\t\t<\/div>\n\t\t\t\t<\/article>\n\t\t\t\t<article class=\"elementor-post elementor-grid-item post-1915 post type-post status-publish format-standard has-post-thumbnail hentry category-blog\" role=\"listitem\">\n\t\t\t\t<a class=\"elementor-post__thumbnail__link\" href=\"https:\/\/www.residence-stine.com\/hr\/together-in-split\/\" tabindex=\"-1\" >\n\t\t\t<div class=\"elementor-post__thumbnail\"><img decoding=\"async\" width=\"300\" height=\"169\" src=\"https:\/\/www.residence-stine.com\/wp-content\/uploads\/2020\/07\/Zadnji-kadar-logotip-002-300x169.jpg\" class=\"attachment-medium size-medium wp-image-1916\" alt=\"\" srcset=\"https:\/\/www.residence-stine.com\/wp-content\/uploads\/2020\/07\/Zadnji-kadar-logotip-002-300x169.jpg 300w, https:\/\/www.residence-stine.com\/wp-content\/uploads\/2020\/07\/Zadnji-kadar-logotip-002-1024x578.jpg 1024w, https:\/\/www.residence-stine.com\/wp-content\/uploads\/2020\/07\/Zadnji-kadar-logotip-002-768x434.jpg 768w, https:\/\/www.residence-stine.com\/wp-content\/uploads\/2020\/07\/Zadnji-kadar-logotip-002.jpg 1264w\" sizes=\"(max-width: 300px) 100vw, 300px\" \/><\/div>\n\t\t<\/a>\n\t\t\t\t<div class=\"elementor-post__text\">\n\t\t\t\t<h3 class=\"elementor-post__title\">\n\t\t\t<a href=\"https:\/\/www.residence-stine.com\/hr\/together-in-split\/\" >\n\t\t\t\t#TogetherInSplit\t\t\t<\/a>\n\t\t<\/h3>\n\t\t\t\t<div class=\"elementor-post__meta-data\">\n\t\t\t\t\t<span class=\"elementor-post-date\">\n\t\t\t2020-07-13\t\t<\/span>\n\t\t\t\t<\/div>\n\t\t\t\t<div class=\"elementor-post__excerpt\">\n\t\t\t<p>Split je grad u kojem su urbanost i priroda neodvojivi, koji je morem spojen sa cijelim svijetom, a vidici s Marjana i okolnih brda \u0161iri su od svih granica. &#8211; Otkrijte za\u0161to:<\/p>\n\t\t<\/div>\n\t\t\n\t\t<a class=\"elementor-post__read-more\" href=\"https:\/\/www.residence-stine.com\/hr\/together-in-split\/\" aria-label=\"Read more about #TogetherInSplit\" tabindex=\"-1\" >\n\t\t\tOp\u0161irnije \u00bb\t\t<\/a>\n\n\t\t\t\t<\/div>\n\t\t\t\t<\/article>\n\t\t\t\t<article class=\"elementor-post elementor-grid-item post-1894 post type-post status-publish format-standard has-post-thumbnail hentry category-blog\" role=\"listitem\">\n\t\t\t\t<a class=\"elementor-post__thumbnail__link\" href=\"https:\/\/www.residence-stine.com\/hr\/uzivajte-u-hrvatskoj-i-ostanite-odgovorni\/\" tabindex=\"-1\" >\n\t\t\t<div class=\"elementor-post__thumbnail\"><img decoding=\"async\" width=\"300\" height=\"250\" src=\"https:\/\/www.residence-stine.com\/wp-content\/uploads\/2020\/06\/logo-enter-croatia1.jpg\" class=\"attachment-medium size-medium wp-image-1895\" alt=\"\" \/><\/div>\n\t\t<\/a>\n\t\t\t\t<div class=\"elementor-post__text\">\n\t\t\t\t<h3 class=\"elementor-post__title\">\n\t\t\t<a href=\"https:\/\/www.residence-stine.com\/hr\/uzivajte-u-hrvatskoj-i-ostanite-odgovorni\/\" >\n\t\t\t\tU\u017eivajte u Hrvatskoj i ostanite odgovorni!\t\t\t<\/a>\n\t\t<\/h3>\n\t\t\t\t<div class=\"elementor-post__meta-data\">\n\t\t\t\t\t<span class=\"elementor-post-date\">\n\t\t\t2020-06-01\t\t<\/span>\n\t\t\t\t<\/div>\n\t\t\t\t<div class=\"elementor-post__excerpt\">\n\t\t\t<p>Dragi putnici, Hrvatska Vam \u017eeli dobrodo\u0161licu. Kako bismo Vam olak\u0161ali ulazak i boravak u Hrvatskoj stvorena je stranica https:\/\/entercroatia.mup.hr\/ Veselimo se Va\u0161em dolasku!<\/p>\n\t\t<\/div>\n\t\t\n\t\t<a class=\"elementor-post__read-more\" href=\"https:\/\/www.residence-stine.com\/hr\/uzivajte-u-hrvatskoj-i-ostanite-odgovorni\/\" aria-label=\"Read more about U\u017eivajte u Hrvatskoj i ostanite odgovorni!\" tabindex=\"-1\" >\n\t\t\tOp\u0161irnije \u00bb\t\t<\/a>\n\n\t\t\t\t<\/div>\n\t\t\t\t<\/article>\n\t\t\t\t<article class=\"elementor-post elementor-grid-item post-1883 post type-post status-publish format-standard has-post-thumbnail hentry category-blog tag-coronavirus tag-koronavirus tag-savetourism tag-turizam\" role=\"listitem\">\n\t\t\t\t<a class=\"elementor-post__thumbnail__link\" href=\"https:\/\/www.residence-stine.com\/hr\/1883\/\" tabindex=\"-1\" >\n\t\t\t<div class=\"elementor-post__thumbnail\"><img loading=\"lazy\" decoding=\"async\" width=\"300\" height=\"202\" src=\"https:\/\/www.residence-stine.com\/wp-content\/uploads\/2020\/03\/savetourism-300x202.jpg\" class=\"attachment-medium size-medium wp-image-1884\" alt=\"\" srcset=\"https:\/\/www.residence-stine.com\/wp-content\/uploads\/2020\/03\/savetourism-300x202.jpg 300w, https:\/\/www.residence-stine.com\/wp-content\/uploads\/2020\/03\/savetourism-768x517.jpg 768w, https:\/\/www.residence-stine.com\/wp-content\/uploads\/2020\/03\/savetourism.jpg 1002w\" sizes=\"(max-width: 300px) 100vw, 300px\" \/><\/div>\n\t\t<\/a>\n\t\t\t\t<div class=\"elementor-post__text\">\n\t\t\t\t<h3 class=\"elementor-post__title\">\n\t\t\t<a href=\"https:\/\/www.residence-stine.com\/hr\/1883\/\" >\n\t\t\t\t\t\t\t<\/a>\n\t\t<\/h3>\n\t\t\t\t<div class=\"elementor-post__meta-data\">\n\t\t\t\t\t<span class=\"elementor-post-date\">\n\t\t\t2020-03-26\t\t<\/span>\n\t\t\t\t<\/div>\n\t\t\t\t<div class=\"elementor-post__excerpt\">\n\t\t\t<p>Nadamo se da \u0107emo vas u skoroj budu\u0107nosti pozdraviti u na\u0161em objektu Residence Stine. Za sada \u017eelimo da vi i va\u0161a obitelj budete zdravi i sigurni u ovoj te\u0161koj situaciji.<\/p>\n\t\t<\/div>\n\t\t\n\t\t<a class=\"elementor-post__read-more\" href=\"https:\/\/www.residence-stine.com\/hr\/1883\/\" aria-label=\"Read more about \" tabindex=\"-1\" >\n\t\t\tOp\u0161irnije \u00bb\t\t<\/a>\n\n\t\t\t\t<\/div>\n\t\t\t\t<\/article>\n\t\t\t\t<article class=\"elementor-post elementor-grid-item post-1825 post type-post status-publish format-standard has-post-thumbnail hentry category-blog\" role=\"listitem\">\n\t\t\t\t<a class=\"elementor-post__thumbnail__link\" href=\"https:\/\/www.residence-stine.com\/hr\/jeste-li-vec-rezervirali-svoj-ljetni-odmor\/\" tabindex=\"-1\" >\n\t\t\t<div class=\"elementor-post__thumbnail\"><img loading=\"lazy\" decoding=\"async\" width=\"300\" height=\"300\" src=\"https:\/\/www.residence-stine.com\/wp-content\/uploads\/2020\/01\/social_media-300x300.png\" class=\"attachment-medium size-medium wp-image-1826\" alt=\"\" srcset=\"https:\/\/www.residence-stine.com\/wp-content\/uploads\/2020\/01\/social_media-300x300.png 300w, https:\/\/www.residence-stine.com\/wp-content\/uploads\/2020\/01\/social_media-150x150.png 150w, https:\/\/www.residence-stine.com\/wp-content\/uploads\/2020\/01\/social_media.png 600w\" sizes=\"(max-width: 300px) 100vw, 300px\" \/><\/div>\n\t\t<\/a>\n\t\t\t\t<div class=\"elementor-post__text\">\n\t\t\t\t<h3 class=\"elementor-post__title\">\n\t\t\t<a href=\"https:\/\/www.residence-stine.com\/hr\/jeste-li-vec-rezervirali-svoj-ljetni-odmor\/\" >\n\t\t\t\tJeste li ve\u0107 rezervirali svoj ljetni odmor?\t\t\t<\/a>\n\t\t<\/h3>\n\t\t\t\t<div class=\"elementor-post__meta-data\">\n\t\t\t\t\t<span class=\"elementor-post-date\">\n\t\t\t2020-01-16\t\t<\/span>\n\t\t\t\t<\/div>\n\t\t\t\t<div class=\"elementor-post__excerpt\">\n\t\t\t<p>Ne tra\u017eite dalje, do\u0111ite u Residence Stine i dopustite da se mi pobrinemo za vas. Znamo kako. \ud83d\ude42<\/p>\n\t\t<\/div>\n\t\t\n\t\t<a class=\"elementor-post__read-more\" href=\"https:\/\/www.residence-stine.com\/hr\/jeste-li-vec-rezervirali-svoj-ljetni-odmor\/\" aria-label=\"Read more about Jeste li ve\u0107 rezervirali svoj ljetni odmor?\" tabindex=\"-1\" >\n\t\t\tOp\u0161irnije \u00bb\t\t<\/a>\n\n\t\t\t\t<\/div>\n\t\t\t\t<\/article>\n\t\t\t\t<article class=\"elementor-post elementor-grid-item post-1727 post type-post status-publish format-standard hentry category-blog\" role=\"listitem\">\n\t\t\t\t<div class=\"elementor-post__text\">\n\t\t\t\t<h3 class=\"elementor-post__title\">\n\t\t\t<a href=\"https:\/\/www.residence-stine.com\/hr\/dolazak-avionom\/\" >\n\t\t\t\tDolazak avionom\t\t\t<\/a>\n\t\t<\/h3>\n\t\t\t\t<div class=\"elementor-post__meta-data\">\n\t\t\t\t\t<span class=\"elementor-post-date\">\n\t\t\t2019-12-09\t\t<\/span>\n\t\t\t\t<\/div>\n\t\t\t\t<div class=\"elementor-post__excerpt\">\n\t\t\t<p>Me\u0111unarodne Zra\u010dne Luke Zagreb, Split, Dubrovnik, Pula, Rijeka, Zadar, Osijek, Bra\u010d i Mali Lo\u0161inj. Sve dodatne informacije o zra\u010dnom prometu potra\u017eite na www.ccaa.hr &#8211; &nbsp;Croatia Airlines Croatia Airlines, nacionalni zra\u010dni prijevoznik i \u010dlan udru\u017eenja Star Alliance, Tijekom sezone hrvatska je obala povezana zrakom s dodatnim destinacijama u Austriji, Francuskoj, Njema\u010dkoj, Italiji i Velikoj Britaniji. U<\/p>\n\t\t<\/div>\n\t\t\n\t\t<a class=\"elementor-post__read-more\" href=\"https:\/\/www.residence-stine.com\/hr\/dolazak-avionom\/\" aria-label=\"Read more about Dolazak avionom\" tabindex=\"-1\" >\n\t\t\tOp\u0161irnije \u00bb\t\t<\/a>\n\n\t\t\t\t<\/div>\n\t\t\t\t<\/article>\n\t\t\t\t<\/div>\n\t\t\n\t\t\t\t\t\t<\/div>\n\t\t\t\t<\/div>\n\t\t\t\t\t<\/div>\n\t\t<\/div>\n\t\t\t\t\t<\/div>\n\t\t<\/section>\n\t\t\t\t<\/div>\n\t\t","protected":false},"excerpt":{"rendered":"","protected":false},"author":1,"featured_media":0,"parent":0,"menu_order":0,"comment_status":"closed","ping_status":"closed","template":"","meta":{"site-sidebar-layout":"no-sidebar","site-content-layout":"page-builder","ast-site-content-layout":"default","site-content-style":"default","site-sidebar-style":"default","ast-global-header-display":"","ast-banner-title-visibility":"","ast-main-header-display":"","ast-hfb-above-header-display":"","ast-hfb-below-header-display":"","ast-hfb-mobile-header-display":"","site-post-title":"disabled","ast-breadcrumbs-content":"","ast-featured-img":"disabled","footer-sml-layout":"","ast-disable-related-posts":"","theme-transparent-header-meta":"default","adv-header-id-meta":"","stick-header-meta":"default","header-above-stick-meta":"","header-main-stick-meta":"","header-below-stick-meta":"","astra-migrate-meta-layouts":"default","ast-page-background-enabled":"default","ast-page-background-meta":{"desktop":{"background-color":"","background-image":"","background-repeat":"repeat","background-position":"center center","background-size":"auto","background-attachment":"scroll","background-type":"","background-media":"","overlay-type":"","overlay-color":"","overlay-opacity":"","overlay-gradient":""},"tablet":{"background-color":"","background-image":"","background-repeat":"repeat","background-position":"center center","background-size":"auto","background-attachment":"scroll","background-type":"","background-media":"","overlay-type":"","overlay-color":"","overlay-opacity":"","overlay-gradient":""},"mobile":{"background-color":"","background-image":"","background-repeat":"repeat","background-position":"center center","background-size":"auto","background-attachment":"scroll","background-type":"","background-media":"","overlay-type":"","overlay-color":"","overlay-opacity":"","overlay-gradient":""}},"ast-content-background-meta":{"desktop":{"background-color":"var(--ast-global-color-5)","background-image":"","background-repeat":"repeat","background-position":"center center","background-size":"auto","background-attachment":"scroll","background-type":"","background-media":"","overlay-type":"","overlay-color":"","overlay-opacity":"","overlay-gradient":""},"tablet":{"background-color":"var(--ast-global-color-5)","background-image":"","background-repeat":"repeat","background-position":"center center","background-size":"auto","background-attachment":"scroll","background-type":"","background-media":"","overlay-type":"","overlay-color":"","overlay-opacity":"","overlay-gradient":""},"mobile":{"background-color":"var(--ast-global-color-5)","background-image":"","background-repeat":"repeat","background-position":"center center","background-size":"auto","background-attachment":"scroll","background-type":"","background-media":"","overlay-type":"","overlay-color":"","overlay-opacity":"","overlay-gradient":""}},"footnotes":""},"class_list":["post-49","page","type-page","status-publish","hentry"],"yoast_head":"<!-- This site is optimized with the Yoast SEO plugin v27.5 - https:\/\/yoast.com\/product\/yoast-seo-wordpress\/ -->\n<title>Blog - Residence Stine Split Hrvatska<\/title>\n<meta name=\"description\" content=\"Helpful information\" \/>\n<meta name=\"robots\" content=\"index, follow, max-snippet:-1, max-image-preview:large, max-video-preview:-1\" \/>\n<link rel=\"canonical\" href=\"https:\/\/www.residence-stine.com\/hr\/blog\/\" \/>\n<meta property=\"og:locale\" content=\"hr_HR\" \/>\n<meta property=\"og:type\" content=\"article\" \/>\n<meta property=\"og:title\" content=\"Blog - Residence Stine Split Hrvatska\" \/>\n<meta property=\"og:description\" content=\"Helpful information\" \/>\n<meta property=\"og:url\" content=\"https:\/\/www.residence-stine.com\/hr\/blog\/\" \/>\n<meta property=\"og:site_name\" content=\"Residence Stine Split Hrvatska\" \/>\n<meta property=\"article:publisher\" content=\"https:\/\/web.facebook.com\/residencestine\/\" \/>\n<meta property=\"article:modified_time\" content=\"2019-06-29T07:39:29+00:00\" \/>\n<meta name=\"twitter:card\" content=\"summary_large_image\" \/>\n<script type=\"application\/ld+json\" class=\"yoast-schema-graph\">{\"@context\":\"https:\\\/\\\/schema.org\",\"@graph\":[{\"@type\":\"WebPage\",\"@id\":\"https:\\\/\\\/www.residence-stine.com\\\/hr\\\/blog\\\/\",\"url\":\"https:\\\/\\\/www.residence-stine.com\\\/hr\\\/blog\\\/\",\"name\":\"Blog - Residence Stine Split Hrvatska\",\"isPartOf\":{\"@id\":\"https:\\\/\\\/www.residence-stine.com\\\/hr\\\/#website\"},\"datePublished\":\"2019-05-21T17:11:26+00:00\",\"dateModified\":\"2019-06-29T07:39:29+00:00\",\"description\":\"Helpful information\",\"breadcrumb\":{\"@id\":\"https:\\\/\\\/www.residence-stine.com\\\/hr\\\/blog\\\/#breadcrumb\"},\"inLanguage\":\"hr\",\"potentialAction\":[{\"@type\":\"ReadAction\",\"target\":[\"https:\\\/\\\/www.residence-stine.com\\\/hr\\\/blog\\\/\"]}]},{\"@type\":\"BreadcrumbList\",\"@id\":\"https:\\\/\\\/www.residence-stine.com\\\/hr\\\/blog\\\/#breadcrumb\",\"itemListElement\":[{\"@type\":\"ListItem\",\"position\":1,\"name\":\"Po\u010detna stranica\",\"item\":\"https:\\\/\\\/www.residence-stine.com\\\/hr\\\/\"},{\"@type\":\"ListItem\",\"position\":2,\"name\":\"Blog\"}]},{\"@type\":\"WebSite\",\"@id\":\"https:\\\/\\\/www.residence-stine.com\\\/hr\\\/#website\",\"url\":\"https:\\\/\\\/www.residence-stine.com\\\/hr\\\/\",\"name\":\"Residence Stine Split Hrvatska\",\"description\":\"Residence Stine, luksuzne sobe s doru\u010dkom u centru Splita. Wi-Fi u cijelom objektu. Sve sobe su klimatizirane, sa sefom u sobi, mini barom, LCD SAT-TV, dobro opremljenim kupaonicama i potrebnim sadr\u017eajima.\",\"publisher\":{\"@id\":\"https:\\\/\\\/www.residence-stine.com\\\/hr\\\/#organization\"},\"potentialAction\":[{\"@type\":\"SearchAction\",\"target\":{\"@type\":\"EntryPoint\",\"urlTemplate\":\"https:\\\/\\\/www.residence-stine.com\\\/hr\\\/?s={search_term_string}\"},\"query-input\":{\"@type\":\"PropertyValueSpecification\",\"valueRequired\":true,\"valueName\":\"search_term_string\"}}],\"inLanguage\":\"hr\"},{\"@type\":\"Organization\",\"@id\":\"https:\\\/\\\/www.residence-stine.com\\\/hr\\\/#organization\",\"name\":\"Residence Stine\",\"url\":\"https:\\\/\\\/www.residence-stine.com\\\/hr\\\/\",\"logo\":{\"@type\":\"ImageObject\",\"inLanguage\":\"hr\",\"@id\":\"https:\\\/\\\/www.residence-stine.com\\\/hr\\\/#\\\/schema\\\/logo\\\/image\\\/\",\"url\":\"https:\\\/\\\/www.residence-stine.com\\\/wp-content\\\/uploads\\\/2019\\\/05\\\/logo-residence-stine-horiz-.png\",\"contentUrl\":\"https:\\\/\\\/www.residence-stine.com\\\/wp-content\\\/uploads\\\/2019\\\/05\\\/logo-residence-stine-horiz-.png\",\"width\":360,\"height\":119,\"caption\":\"Residence Stine\"},\"image\":{\"@id\":\"https:\\\/\\\/www.residence-stine.com\\\/hr\\\/#\\\/schema\\\/logo\\\/image\\\/\"},\"sameAs\":[\"https:\\\/\\\/web.facebook.com\\\/residencestine\\\/\",\"http:\\\/\\\/instagram.com\\\/residencestine\\\/\",\"https:\\\/\\\/www.linkedin.com\\\/company\\\/residence-stine\",\"https:\\\/\\\/www.youtube.com\\\/channel\\\/UCkJBmyfIbtzb8p5SsOklzew\"]}]}<\/script>\n<!-- \/ Yoast SEO plugin. -->","yoast_head_json":{"title":"Blog - Residence Stine Split Hrvatska","description":"Helpful information","robots":{"index":"index","follow":"follow","max-snippet":"max-snippet:-1","max-image-preview":"max-image-preview:large","max-video-preview":"max-video-preview:-1"},"canonical":"https:\/\/www.residence-stine.com\/hr\/blog\/","og_locale":"hr_HR","og_type":"article","og_title":"Blog - Residence Stine Split Hrvatska","og_description":"Helpful information","og_url":"https:\/\/www.residence-stine.com\/hr\/blog\/","og_site_name":"Residence Stine Split Hrvatska","article_publisher":"https:\/\/web.facebook.com\/residencestine\/","article_modified_time":"2019-06-29T07:39:29+00:00","twitter_card":"summary_large_image","schema":{"@context":"https:\/\/schema.org","@graph":[{"@type":"WebPage","@id":"https:\/\/www.residence-stine.com\/hr\/blog\/","url":"https:\/\/www.residence-stine.com\/hr\/blog\/","name":"Blog - Residence Stine Split Hrvatska","isPartOf":{"@id":"https:\/\/www.residence-stine.com\/hr\/#website"},"datePublished":"2019-05-21T17:11:26+00:00","dateModified":"2019-06-29T07:39:29+00:00","description":"Helpful information","breadcrumb":{"@id":"https:\/\/www.residence-stine.com\/hr\/blog\/#breadcrumb"},"inLanguage":"hr","potentialAction":[{"@type":"ReadAction","target":["https:\/\/www.residence-stine.com\/hr\/blog\/"]}]},{"@type":"BreadcrumbList","@id":"https:\/\/www.residence-stine.com\/hr\/blog\/#breadcrumb","itemListElement":[{"@type":"ListItem","position":1,"name":"Po\u010detna stranica","item":"https:\/\/www.residence-stine.com\/hr\/"},{"@type":"ListItem","position":2,"name":"Blog"}]},{"@type":"WebSite","@id":"https:\/\/www.residence-stine.com\/hr\/#website","url":"https:\/\/www.residence-stine.com\/hr\/","name":"Residence Stine Split Hrvatska","description":"Residence Stine, luksuzne sobe s doru\u010dkom u centru Splita. Wi-Fi u cijelom objektu. Sve sobe su klimatizirane, sa sefom u sobi, mini barom, LCD SAT-TV, dobro opremljenim kupaonicama i potrebnim sadr\u017eajima.","publisher":{"@id":"https:\/\/www.residence-stine.com\/hr\/#organization"},"potentialAction":[{"@type":"SearchAction","target":{"@type":"EntryPoint","urlTemplate":"https:\/\/www.residence-stine.com\/hr\/?s={search_term_string}"},"query-input":{"@type":"PropertyValueSpecification","valueRequired":true,"valueName":"search_term_string"}}],"inLanguage":"hr"},{"@type":"Organization","@id":"https:\/\/www.residence-stine.com\/hr\/#organization","name":"Residence Stine","url":"https:\/\/www.residence-stine.com\/hr\/","logo":{"@type":"ImageObject","inLanguage":"hr","@id":"https:\/\/www.residence-stine.com\/hr\/#\/schema\/logo\/image\/","url":"https:\/\/www.residence-stine.com\/wp-content\/uploads\/2019\/05\/logo-residence-stine-horiz-.png","contentUrl":"https:\/\/www.residence-stine.com\/wp-content\/uploads\/2019\/05\/logo-residence-stine-horiz-.png","width":360,"height":119,"caption":"Residence Stine"},"image":{"@id":"https:\/\/www.residence-stine.com\/hr\/#\/schema\/logo\/image\/"},"sameAs":["https:\/\/web.facebook.com\/residencestine\/","http:\/\/instagram.com\/residencestine\/","https:\/\/www.linkedin.com\/company\/residence-stine","https:\/\/www.youtube.com\/channel\/UCkJBmyfIbtzb8p5SsOklzew"]}]}},"_links":{"self":[{"href":"https:\/\/www.residence-stine.com\/hr\/wp-json\/wp\/v2\/pages\/49","targetHints":{"allow":["GET"]}}],"collection":[{"href":"https:\/\/www.residence-stine.com\/hr\/wp-json\/wp\/v2\/pages"}],"about":[{"href":"https:\/\/www.residence-stine.com\/hr\/wp-json\/wp\/v2\/types\/page"}],"author":[{"embeddable":true,"href":"https:\/\/www.residence-stine.com\/hr\/wp-json\/wp\/v2\/users\/1"}],"replies":[{"embeddable":true,"href":"https:\/\/www.residence-stine.com\/hr\/wp-json\/wp\/v2\/comments?post=49"}],"version-history":[{"count":3,"href":"https:\/\/www.residence-stine.com\/hr\/wp-json\/wp\/v2\/pages\/49\/revisions"}],"predecessor-version":[{"id":536,"href":"https:\/\/www.residence-stine.com\/hr\/wp-json\/wp\/v2\/pages\/49\/revisions\/536"}],"wp:attachment":[{"href":"https:\/\/www.residence-stine.com\/hr\/wp-json\/wp\/v2\/media?parent=49"}],"curies":[{"name":"wp","href":"https:\/\/api.w.org\/{rel}","templated":true}]}}