{"id":51,"date":"2019-05-21T17:11:54","date_gmt":"2019-05-21T17:11:54","guid":{"rendered":"https:\/\/www.residence-stine.com\/?page_id=51"},"modified":"2020-07-31T06:45:07","modified_gmt":"2020-07-31T06:45:07","slug":"posebne-ponude","status":"publish","type":"page","link":"https:\/\/www.residence-stine.com\/hr\/posebne-ponude\/","title":{"rendered":"Posebne ponude"},"content":{"rendered":"\t\t<div data-elementor-type=\"wp-page\" data-elementor-id=\"51\" class=\"elementor elementor-51\" data-elementor-post-type=\"page\">\n\t\t\t\t\t\t<section class=\"elementor-section elementor-top-section elementor-element elementor-element-ddce98b elementor-section-boxed elementor-section-height-default elementor-section-height-default\" data-id=\"ddce98b\" data-element_type=\"section\" data-e-type=\"section\">\n\t\t\t\t\t\t<div class=\"elementor-container elementor-column-gap-default\">\n\t\t\t\t\t<div class=\"elementor-column elementor-col-100 elementor-top-column elementor-element elementor-element-019471e\" data-id=\"019471e\" data-element_type=\"column\" data-e-type=\"column\">\n\t\t\t<div class=\"elementor-widget-wrap elementor-element-populated\">\n\t\t\t\t\t\t<div class=\"elementor-element elementor-element-d416990 elementor-grid-3 elementor-grid-tablet-2 elementor-grid-mobile-1 elementor-posts--thumbnail-top elementor-widget elementor-widget-posts\" data-id=\"d416990\" data-element_type=\"widget\" data-e-type=\"widget\" data-settings=\"{&quot;classic_columns&quot;:&quot;3&quot;,&quot;classic_columns_tablet&quot;:&quot;2&quot;,&quot;classic_columns_mobile&quot;:&quot;1&quot;,&quot;classic_row_gap&quot;:{&quot;unit&quot;:&quot;px&quot;,&quot;size&quot;:35,&quot;sizes&quot;:[]},&quot;classic_row_gap_tablet&quot;:{&quot;unit&quot;:&quot;px&quot;,&quot;size&quot;:&quot;&quot;,&quot;sizes&quot;:[]},&quot;classic_row_gap_mobile&quot;:{&quot;unit&quot;:&quot;px&quot;,&quot;size&quot;:&quot;&quot;,&quot;sizes&quot;:[]}}\" data-widget_type=\"posts.classic\">\n\t\t\t\t<div class=\"elementor-widget-container\">\n\t\t\t\t\t\t\t<div class=\"elementor-posts-container elementor-posts elementor-posts--skin-classic elementor-grid\" role=\"list\">\n\t\t\t\t<article class=\"elementor-post elementor-grid-item post-1930 post type-post status-publish format-standard has-post-thumbnail hentry category-posebna-ponuda\" role=\"listitem\">\n\t\t\t\t<a class=\"elementor-post__thumbnail__link\" href=\"https:\/\/www.residence-stine.com\/hr\/transfer-summer-2020\/\" tabindex=\"-1\" >\n\t\t\t<div class=\"elementor-post__thumbnail\"><img fetchpriority=\"high\" decoding=\"async\" width=\"300\" height=\"200\" src=\"https:\/\/www.residence-stine.com\/wp-content\/uploads\/2020\/07\/Split_Airport-300x200.jpg\" class=\"attachment-medium size-medium wp-image-1931\" alt=\"\" srcset=\"https:\/\/www.residence-stine.com\/wp-content\/uploads\/2020\/07\/Split_Airport-300x200.jpg 300w, https:\/\/www.residence-stine.com\/wp-content\/uploads\/2020\/07\/Split_Airport-1024x683.jpg 1024w, https:\/\/www.residence-stine.com\/wp-content\/uploads\/2020\/07\/Split_Airport-768x512.jpg 768w, https:\/\/www.residence-stine.com\/wp-content\/uploads\/2020\/07\/Split_Airport.jpg 1200w\" sizes=\"(max-width: 300px) 100vw, 300px\" \/><\/div>\n\t\t<\/a>\n\t\t\t\t<div class=\"elementor-post__text\">\n\t\t\t\t<h3 class=\"elementor-post__title\">\n\t\t\t<a href=\"https:\/\/www.residence-stine.com\/hr\/transfer-summer-2020\/\" >\n\t\t\t\tTransfer SUMMER 2021\t\t\t<\/a>\n\t\t<\/h3>\n\t\t\t\t<div class=\"elementor-post__excerpt\">\n\t\t\t<p>Dragi gosti, Va\u0161 odmor po\u010dinje putovanjem do va\u0161eg odredi\u0161ta. \u017delja nam je da va\u0161 dolazak \/ odlazak bude \u0161to jednostavniji. Nudimo posebne cijene za transfere gostima koji rezerviraju boravke du\u017ee od 3 no\u0107enja. Vidimo se uskoro \ud83d\ude09<\/p>\n\t\t<\/div>\n\t\t\n\t\t<a class=\"elementor-post__read-more\" href=\"https:\/\/www.residence-stine.com\/hr\/transfer-summer-2020\/\" aria-label=\"Read more about Transfer SUMMER 2021\" tabindex=\"-1\" >\n\t\t\tOp\u0161irnije \u00bb\t\t<\/a>\n\n\t\t\t\t<\/div>\n\t\t\t\t<\/article>\n\t\t\t\t<article class=\"elementor-post elementor-grid-item post-552 post type-post status-publish format-standard has-post-thumbnail hentry category-posebna-ponuda\" role=\"listitem\">\n\t\t\t\t<a class=\"elementor-post__thumbnail__link\" href=\"https:\/\/www.residence-stine.com\/hr\/paket-za-mladence\/\" tabindex=\"-1\" >\n\t\t\t<div class=\"elementor-post__thumbnail\"><img decoding=\"async\" width=\"300\" height=\"185\" src=\"https:\/\/www.residence-stine.com\/wp-content\/uploads\/2019\/06\/young-couple-300x185.jpg\" class=\"attachment-medium size-medium wp-image-553\" alt=\"\" srcset=\"https:\/\/www.residence-stine.com\/wp-content\/uploads\/2019\/06\/young-couple-300x185.jpg 300w, https:\/\/www.residence-stine.com\/wp-content\/uploads\/2019\/06\/young-couple-768x473.jpg 768w, https:\/\/www.residence-stine.com\/wp-content\/uploads\/2019\/06\/young-couple.jpg 960w\" sizes=\"(max-width: 300px) 100vw, 300px\" \/><\/div>\n\t\t<\/a>\n\t\t\t\t<div class=\"elementor-post__text\">\n\t\t\t\t<h3 class=\"elementor-post__title\">\n\t\t\t<a href=\"https:\/\/www.residence-stine.com\/hr\/paket-za-mladence\/\" >\n\t\t\t\tPaket za mladence\t\t\t<\/a>\n\t\t<\/h3>\n\t\t\t\t<div class=\"elementor-post__excerpt\">\n\t\t\t<p>Posebno romanti\u010dne trenutke do\u017eivite u na\u0161im udobnim sobama. Cosy loft soba nudi predivan pogled na Split, a na\u0161e osoblje \u0107e se potruditi va\u0161 boravak u\u010diniti nezaboravnim.<\/p>\n\t\t<\/div>\n\t\t\n\t\t<a class=\"elementor-post__read-more\" href=\"https:\/\/www.residence-stine.com\/hr\/paket-za-mladence\/\" aria-label=\"Read more about Paket za mladence\" tabindex=\"-1\" >\n\t\t\tOp\u0161irnije \u00bb\t\t<\/a>\n\n\t\t\t\t<\/div>\n\t\t\t\t<\/article>\n\t\t\t\t<article class=\"elementor-post elementor-grid-item post-538 post type-post status-publish format-standard has-post-thumbnail hentry category-posebna-ponuda\" role=\"listitem\">\n\t\t\t\t<a class=\"elementor-post__thumbnail__link\" href=\"https:\/\/www.residence-stine.com\/hr\/jamstvo-najnize-cijene\/\" tabindex=\"-1\" >\n\t\t\t<div class=\"elementor-post__thumbnail\"><img decoding=\"async\" width=\"300\" height=\"224\" src=\"https:\/\/www.residence-stine.com\/wp-content\/uploads\/2019\/06\/low-price-guarantee-2-300x224.jpg\" class=\"attachment-medium size-medium wp-image-545\" alt=\"\" srcset=\"https:\/\/www.residence-stine.com\/wp-content\/uploads\/2019\/06\/low-price-guarantee-2-300x224.jpg 300w, https:\/\/www.residence-stine.com\/wp-content\/uploads\/2019\/06\/low-price-guarantee-2-768x573.jpg 768w, https:\/\/www.residence-stine.com\/wp-content\/uploads\/2019\/06\/low-price-guarantee-2-1024x764.jpg 1024w, https:\/\/www.residence-stine.com\/wp-content\/uploads\/2019\/06\/low-price-guarantee-2.jpg 1200w\" sizes=\"(max-width: 300px) 100vw, 300px\" \/><\/div>\n\t\t<\/a>\n\t\t\t\t<div class=\"elementor-post__text\">\n\t\t\t\t<h3 class=\"elementor-post__title\">\n\t\t\t<a href=\"https:\/\/www.residence-stine.com\/hr\/jamstvo-najnize-cijene\/\" >\n\t\t\t\tJamstvo najni\u017ee cijene\t\t\t<\/a>\n\t\t<\/h3>\n\t\t\t\t<div class=\"elementor-post__excerpt\">\n\t\t\t<p>Rezervirajte svoj smje\u0161taj izravno putem na\u0161e slu\u017ebene web-stranice ili putem na\u0161eg Odjela za rezervacije, jam\u010dimo najni\u017ee online cijene. U naredna 24 sata, nakon \u0161to ste rezervirali boravak kod nas na na\u0161oj web stranici, a zatim prona\u0161li ni\u017eu online cijenu (pod istim uvjetima rezervacije), uskladit \u0107emo ni\u017eu cijenu i dati vam dodatnih 5% popusta. Po\u0161aljite nam<\/p>\n\t\t<\/div>\n\t\t\n\t\t<a class=\"elementor-post__read-more\" href=\"https:\/\/www.residence-stine.com\/hr\/jamstvo-najnize-cijene\/\" aria-label=\"Read more about Jamstvo najni\u017ee cijene\" tabindex=\"-1\" >\n\t\t\tOp\u0161irnije \u00bb\t\t<\/a>\n\n\t\t\t\t<\/div>\n\t\t\t\t<\/article>\n\t\t\t\t<\/div>\n\t\t\n\t\t\t\t\t\t<\/div>\n\t\t\t\t<\/div>\n\t\t\t\t\t<\/div>\n\t\t<\/div>\n\t\t\t\t\t<\/div>\n\t\t<\/section>\n\t\t\t\t<\/div>\n\t\t","protected":false},"excerpt":{"rendered":"","protected":false},"author":1,"featured_media":0,"parent":0,"menu_order":0,"comment_status":"closed","ping_status":"closed","template":"","meta":{"site-sidebar-layout":"no-sidebar","site-content-layout":"page-builder","ast-site-content-layout":"default","site-content-style":"default","site-sidebar-style":"default","ast-global-header-display":"","ast-banner-title-visibility":"","ast-main-header-display":"","ast-hfb-above-header-display":"","ast-hfb-below-header-display":"","ast-hfb-mobile-header-display":"","site-post-title":"disabled","ast-breadcrumbs-content":"","ast-featured-img":"disabled","footer-sml-layout":"","ast-disable-related-posts":"","theme-transparent-header-meta":"default","adv-header-id-meta":"","stick-header-meta":"default","header-above-stick-meta":"","header-main-stick-meta":"","header-below-stick-meta":"","astra-migrate-meta-layouts":"default","ast-page-background-enabled":"default","ast-page-background-meta":{"desktop":{"background-color":"","background-image":"","background-repeat":"repeat","background-position":"center center","background-size":"auto","background-attachment":"scroll","background-type":"","background-media":"","overlay-type":"","overlay-color":"","overlay-opacity":"","overlay-gradient":""},"tablet":{"background-color":"","background-image":"","background-repeat":"repeat","background-position":"center center","background-size":"auto","background-attachment":"scroll","background-type":"","background-media":"","overlay-type":"","overlay-color":"","overlay-opacity":"","overlay-gradient":""},"mobile":{"background-color":"","background-image":"","background-repeat":"repeat","background-position":"center center","background-size":"auto","background-attachment":"scroll","background-type":"","background-media":"","overlay-type":"","overlay-color":"","overlay-opacity":"","overlay-gradient":""}},"ast-content-background-meta":{"desktop":{"background-color":"var(--ast-global-color-5)","background-image":"","background-repeat":"repeat","background-position":"center center","background-size":"auto","background-attachment":"scroll","background-type":"","background-media":"","overlay-type":"","overlay-color":"","overlay-opacity":"","overlay-gradient":""},"tablet":{"background-color":"var(--ast-global-color-5)","background-image":"","background-repeat":"repeat","background-position":"center center","background-size":"auto","background-attachment":"scroll","background-type":"","background-media":"","overlay-type":"","overlay-color":"","overlay-opacity":"","overlay-gradient":""},"mobile":{"background-color":"var(--ast-global-color-5)","background-image":"","background-repeat":"repeat","background-position":"center center","background-size":"auto","background-attachment":"scroll","background-type":"","background-media":"","overlay-type":"","overlay-color":"","overlay-opacity":"","overlay-gradient":""}},"footnotes":""},"class_list":["post-51","page","type-page","status-publish","hentry"],"yoast_head":"<!-- This site is optimized with the Yoast SEO plugin v27.5 - https:\/\/yoast.com\/product\/yoast-seo-wordpress\/ -->\n<title>Posebne ponude - Residence Stine Split Hrvatska<\/title>\n<meta name=\"robots\" content=\"index, follow, max-snippet:-1, max-image-preview:large, max-video-preview:-1\" \/>\n<link rel=\"canonical\" href=\"https:\/\/www.residence-stine.com\/hr\/posebne-ponude\/\" \/>\n<meta property=\"og:locale\" content=\"hr_HR\" \/>\n<meta property=\"og:type\" content=\"article\" \/>\n<meta property=\"og:title\" content=\"Posebne ponude - Residence Stine Split Hrvatska\" \/>\n<meta property=\"og:url\" content=\"https:\/\/www.residence-stine.com\/hr\/posebne-ponude\/\" \/>\n<meta property=\"og:site_name\" content=\"Residence Stine Split Hrvatska\" \/>\n<meta property=\"article:publisher\" content=\"https:\/\/web.facebook.com\/residencestine\/\" \/>\n<meta property=\"article:modified_time\" content=\"2020-07-31T06:45:07+00:00\" \/>\n<meta name=\"twitter:card\" content=\"summary_large_image\" \/>\n<script type=\"application\/ld+json\" class=\"yoast-schema-graph\">{\"@context\":\"https:\\\/\\\/schema.org\",\"@graph\":[{\"@type\":\"WebPage\",\"@id\":\"https:\\\/\\\/www.residence-stine.com\\\/hr\\\/posebne-ponude\\\/\",\"url\":\"https:\\\/\\\/www.residence-stine.com\\\/hr\\\/posebne-ponude\\\/\",\"name\":\"Posebne ponude - Residence Stine Split Hrvatska\",\"isPartOf\":{\"@id\":\"https:\\\/\\\/www.residence-stine.com\\\/hr\\\/#website\"},\"datePublished\":\"2019-05-21T17:11:54+00:00\",\"dateModified\":\"2020-07-31T06:45:07+00:00\",\"breadcrumb\":{\"@id\":\"https:\\\/\\\/www.residence-stine.com\\\/hr\\\/posebne-ponude\\\/#breadcrumb\"},\"inLanguage\":\"hr\",\"potentialAction\":[{\"@type\":\"ReadAction\",\"target\":[\"https:\\\/\\\/www.residence-stine.com\\\/hr\\\/posebne-ponude\\\/\"]}]},{\"@type\":\"BreadcrumbList\",\"@id\":\"https:\\\/\\\/www.residence-stine.com\\\/hr\\\/posebne-ponude\\\/#breadcrumb\",\"itemListElement\":[{\"@type\":\"ListItem\",\"position\":1,\"name\":\"Po\u010detna stranica\",\"item\":\"https:\\\/\\\/www.residence-stine.com\\\/hr\\\/\"},{\"@type\":\"ListItem\",\"position\":2,\"name\":\"Posebne ponude\"}]},{\"@type\":\"WebSite\",\"@id\":\"https:\\\/\\\/www.residence-stine.com\\\/hr\\\/#website\",\"url\":\"https:\\\/\\\/www.residence-stine.com\\\/hr\\\/\",\"name\":\"Residence Stine Split Hrvatska\",\"description\":\"Residence Stine, luksuzne sobe s doru\u010dkom u centru Splita. Wi-Fi u cijelom objektu. Sve sobe su klimatizirane, sa sefom u sobi, mini barom, LCD SAT-TV, dobro opremljenim kupaonicama i potrebnim sadr\u017eajima.\",\"publisher\":{\"@id\":\"https:\\\/\\\/www.residence-stine.com\\\/hr\\\/#organization\"},\"potentialAction\":[{\"@type\":\"SearchAction\",\"target\":{\"@type\":\"EntryPoint\",\"urlTemplate\":\"https:\\\/\\\/www.residence-stine.com\\\/hr\\\/?s={search_term_string}\"},\"query-input\":{\"@type\":\"PropertyValueSpecification\",\"valueRequired\":true,\"valueName\":\"search_term_string\"}}],\"inLanguage\":\"hr\"},{\"@type\":\"Organization\",\"@id\":\"https:\\\/\\\/www.residence-stine.com\\\/hr\\\/#organization\",\"name\":\"Residence Stine\",\"url\":\"https:\\\/\\\/www.residence-stine.com\\\/hr\\\/\",\"logo\":{\"@type\":\"ImageObject\",\"inLanguage\":\"hr\",\"@id\":\"https:\\\/\\\/www.residence-stine.com\\\/hr\\\/#\\\/schema\\\/logo\\\/image\\\/\",\"url\":\"https:\\\/\\\/www.residence-stine.com\\\/wp-content\\\/uploads\\\/2019\\\/05\\\/logo-residence-stine-horiz-.png\",\"contentUrl\":\"https:\\\/\\\/www.residence-stine.com\\\/wp-content\\\/uploads\\\/2019\\\/05\\\/logo-residence-stine-horiz-.png\",\"width\":360,\"height\":119,\"caption\":\"Residence Stine\"},\"image\":{\"@id\":\"https:\\\/\\\/www.residence-stine.com\\\/hr\\\/#\\\/schema\\\/logo\\\/image\\\/\"},\"sameAs\":[\"https:\\\/\\\/web.facebook.com\\\/residencestine\\\/\",\"http:\\\/\\\/instagram.com\\\/residencestine\\\/\",\"https:\\\/\\\/www.linkedin.com\\\/company\\\/residence-stine\",\"https:\\\/\\\/www.youtube.com\\\/channel\\\/UCkJBmyfIbtzb8p5SsOklzew\"]}]}<\/script>\n<!-- \/ Yoast SEO plugin. -->","yoast_head_json":{"title":"Posebne ponude - Residence Stine Split Hrvatska","robots":{"index":"index","follow":"follow","max-snippet":"max-snippet:-1","max-image-preview":"max-image-preview:large","max-video-preview":"max-video-preview:-1"},"canonical":"https:\/\/www.residence-stine.com\/hr\/posebne-ponude\/","og_locale":"hr_HR","og_type":"article","og_title":"Posebne ponude - Residence Stine Split Hrvatska","og_url":"https:\/\/www.residence-stine.com\/hr\/posebne-ponude\/","og_site_name":"Residence Stine Split Hrvatska","article_publisher":"https:\/\/web.facebook.com\/residencestine\/","article_modified_time":"2020-07-31T06:45:07+00:00","twitter_card":"summary_large_image","schema":{"@context":"https:\/\/schema.org","@graph":[{"@type":"WebPage","@id":"https:\/\/www.residence-stine.com\/hr\/posebne-ponude\/","url":"https:\/\/www.residence-stine.com\/hr\/posebne-ponude\/","name":"Posebne ponude - Residence Stine Split Hrvatska","isPartOf":{"@id":"https:\/\/www.residence-stine.com\/hr\/#website"},"datePublished":"2019-05-21T17:11:54+00:00","dateModified":"2020-07-31T06:45:07+00:00","breadcrumb":{"@id":"https:\/\/www.residence-stine.com\/hr\/posebne-ponude\/#breadcrumb"},"inLanguage":"hr","potentialAction":[{"@type":"ReadAction","target":["https:\/\/www.residence-stine.com\/hr\/posebne-ponude\/"]}]},{"@type":"BreadcrumbList","@id":"https:\/\/www.residence-stine.com\/hr\/posebne-ponude\/#breadcrumb","itemListElement":[{"@type":"ListItem","position":1,"name":"Po\u010detna stranica","item":"https:\/\/www.residence-stine.com\/hr\/"},{"@type":"ListItem","position":2,"name":"Posebne ponude"}]},{"@type":"WebSite","@id":"https:\/\/www.residence-stine.com\/hr\/#website","url":"https:\/\/www.residence-stine.com\/hr\/","name":"Residence Stine Split Hrvatska","description":"Residence Stine, luksuzne sobe s doru\u010dkom u centru Splita. Wi-Fi u cijelom objektu. Sve sobe su klimatizirane, sa sefom u sobi, mini barom, LCD SAT-TV, dobro opremljenim kupaonicama i potrebnim sadr\u017eajima.","publisher":{"@id":"https:\/\/www.residence-stine.com\/hr\/#organization"},"potentialAction":[{"@type":"SearchAction","target":{"@type":"EntryPoint","urlTemplate":"https:\/\/www.residence-stine.com\/hr\/?s={search_term_string}"},"query-input":{"@type":"PropertyValueSpecification","valueRequired":true,"valueName":"search_term_string"}}],"inLanguage":"hr"},{"@type":"Organization","@id":"https:\/\/www.residence-stine.com\/hr\/#organization","name":"Residence Stine","url":"https:\/\/www.residence-stine.com\/hr\/","logo":{"@type":"ImageObject","inLanguage":"hr","@id":"https:\/\/www.residence-stine.com\/hr\/#\/schema\/logo\/image\/","url":"https:\/\/www.residence-stine.com\/wp-content\/uploads\/2019\/05\/logo-residence-stine-horiz-.png","contentUrl":"https:\/\/www.residence-stine.com\/wp-content\/uploads\/2019\/05\/logo-residence-stine-horiz-.png","width":360,"height":119,"caption":"Residence Stine"},"image":{"@id":"https:\/\/www.residence-stine.com\/hr\/#\/schema\/logo\/image\/"},"sameAs":["https:\/\/web.facebook.com\/residencestine\/","http:\/\/instagram.com\/residencestine\/","https:\/\/www.linkedin.com\/company\/residence-stine","https:\/\/www.youtube.com\/channel\/UCkJBmyfIbtzb8p5SsOklzew"]}]}},"_links":{"self":[{"href":"https:\/\/www.residence-stine.com\/hr\/wp-json\/wp\/v2\/pages\/51","targetHints":{"allow":["GET"]}}],"collection":[{"href":"https:\/\/www.residence-stine.com\/hr\/wp-json\/wp\/v2\/pages"}],"about":[{"href":"https:\/\/www.residence-stine.com\/hr\/wp-json\/wp\/v2\/types\/page"}],"author":[{"embeddable":true,"href":"https:\/\/www.residence-stine.com\/hr\/wp-json\/wp\/v2\/users\/1"}],"replies":[{"embeddable":true,"href":"https:\/\/www.residence-stine.com\/hr\/wp-json\/wp\/v2\/comments?post=51"}],"version-history":[{"count":4,"href":"https:\/\/www.residence-stine.com\/hr\/wp-json\/wp\/v2\/pages\/51\/revisions"}],"predecessor-version":[{"id":544,"href":"https:\/\/www.residence-stine.com\/hr\/wp-json\/wp\/v2\/pages\/51\/revisions\/544"}],"wp:attachment":[{"href":"https:\/\/www.residence-stine.com\/hr\/wp-json\/wp\/v2\/media?parent=51"}],"curies":[{"name":"wp","href":"https:\/\/api.w.org\/{rel}","templated":true}]}}