{"id":58,"date":"2019-05-21T17:13:54","date_gmt":"2019-05-21T17:13:54","guid":{"rendered":"https:\/\/www.residence-stine.com\/?page_id=58"},"modified":"2019-06-22T08:53:46","modified_gmt":"2019-06-22T08:53:46","slug":"kolacici","status":"publish","type":"page","link":"https:\/\/www.residence-stine.com\/hr\/kolacici\/","title":{"rendered":"Pravila kola\u010di\u0107a"},"content":{"rendered":"\n<p>\u0160to su to\u010dno kola\u010di\u0107i?<\/p>\n\n\n\n<p>Kako bismo prikupili informacije opisane u ovoj obavijesti, mo\u017eemo koristiti kola\u010di\u0107e i sli\u010dne tehnologije na na\u0161oj web stranici.<\/p>\n\n\n\n<p>Kola\u010di\u0107 je mali dio informacija koji se \u0161alje va\u0161em pregledniku i pohranjuje se na tvrdi disk ra\u010dunala, mobilni telefon ili drugi ure\u0111aj.<\/p>\n\n\n\n<p>Postavljanje va\u0161eg preglednika da vas obavijesti kada primite kola\u010di\u0107, omogu\u0107uje vam da odlu\u010dite \u017eelite li ga prihvatiti ili ne. Me\u0111utim, neke usluge i zna\u010dajke koje se nude na na\u0161oj web-lokaciji mo\u017eda ne\u0107e ispravno funkcionirati ako su kola\u010di\u0107i onemogu\u0107eni.<\/p>\n\n\n\n<p>Kola\u010di\u0107i mogu biti kola\u010di\u0107i prve ili tre\u0107e strane.<br>\n   Kola\u010di\u0107i prve strane su kola\u010di\u0107i koje web-lokacija koju posje\u0107ujete mjesta na va\u0161em ra\u010dunalu.<br>\n   Kola\u010di\u0107i tre\u0107e strane su kola\u010di\u0107i postavljeni na va\u0161e ra\u010dunalo putem web-mjesta, ali od strane tre\u0107ih strana, kao \u0161to je Google.<br>\n   Sljede\u0107e kola\u010di\u0107e koristimo na na\u0161oj web stranici. Mo\u017eemo kombinirati informacije iz ovih vrsta kola\u010di\u0107a i tehnologija s informacijama o vama iz bilo kojeg drugog izvora.<br>\n   Strogo neophodni kola\u010di\u0107i. Ovi kola\u010di\u0107i su neophodni kako bi vam omogu\u0107ili kretanje po na\u0161oj web stranici i kori\u0161tenje njezinih zna\u010dajki. Bez tih kola\u010di\u0107a, usluge koje ste tra\u017eili ne mogu se pru\u017eiti. Bri\u0161u se kada zatvorite preglednik. To su kola\u010di\u0107i prve strane.<br>\n   Izvo\u0111enje kola\u010di\u0107a. Ovi kola\u010di\u0107i prikupljaju informacije u anonimnom obliku o tome kako posjetitelji koriste na\u0161u web-lokaciju i aplikacije. Oni nam omogu\u0107uju da prepoznamo i brojimo broj posjetitelja, vidimo kako se posjetitelji kre\u0107u po mjestu kada ga koriste i identificiraju regije s kojih posje\u0107uju. To su kola\u010di\u0107i prve strane.<br>\n   Kola\u010di\u0107i funkcionalnosti. Ovi kola\u010di\u0107i omogu\u0107uju na\u0161oj web-lokaciji i aplikacijama da zapamte va\u0161e odabire (kao \u0161to su va\u0161e korisni\u010dko ime, jezik ili regija u kojoj se nalazite) i pru\u017eaju pobolj\u0161ane, osobnije zna\u010dajke. Ovi kola\u010di\u0107i prikupljaju podatke anonimno i ne mogu pratiti va\u0161u aktivnost pregledavanja na drugim web-lokacijama. To su kola\u010di\u0107i prve strane.<\/p>\n\n\n\n<p>Analitika. Mo\u017eemo koristiti analiti\u010dke usluge tre\u0107e strane, kao \u0161to su Google Analytics i drugi davatelji. Ovi davatelji usluga poma\u017eu nam da analiziramo kako korisnici koriste na\u0161u web stranicu i da identificiramo obrasce korisnika. Informacije koje generira kola\u010di\u0107 o va\u0161em kori\u0161tenju web-mjesta prenose se i pohranjuju od davatelja usluga analiti\u010dkih usluga tre\u0107e strane na poslu\u017eiteljima izvan EEA-a. Informacije prikupljene u tu svrhu bit \u0107e objavljene ili prikupljene izravno od tih pru\u017eatelja usluga. U na\u0161u korist davatelji analiti\u010dkih usluga tre\u0107e strane koristit \u0107e te informacije u svrhu procjene va\u0161eg kori\u0161tenja web-mjesta, prikupljanja izvje\u0161\u0107a o aktivnostima web-mjesta i pru\u017eanja drugih usluga koje se odnose na aktivnosti web-mjesta i internetske aktivnosti u vezi s kori\u0161tenjem web-mjesta. Ovi davatelji usluga mogu zadr\u017eati i koristiti anonimne, agregirane podatke prikupljene od korisnika na\u0161ih internetskih stranica u vezi s vlastitim poslovanjem, uklju\u010duju\u0107i u cilju pobolj\u0161anja svojih proizvoda i usluga. Za informacije o tome kako sprije\u010diti ove kola\u010di\u0107e kliknite ovdje. Osim toga, za prikupljanje statisti\u010dkih podataka korisnika koristit \u0107e se i zapisi o provjeri autenti\u010dnosti i pra\u0107enju.<\/p>\n\n\n\n<p>Ciljanje ili ogla\u0161avanje kola\u010di\u0107a. Ovi kola\u010di\u0107i omogu\u0107uju nama i na\u0161im ogla\u0161iva\u010dima da dostave informacije koje su relevantnije za vas i va\u0161e interese. Tako\u0111er se koriste za ograni\u010davanje broja prikaza oglasa, kao i za pomo\u0107 u mjerenju u\u010dinkovitosti kampanja ogla\u0161avanja. Ovi se kola\u010di\u0107i pamte  da ste posjetili na\u0161u web-lokaciju, trajanje va\u0161eg posjeta, oglase koje ste pregledali i da nam pomognu u sastavljanju va\u0161eg \u201cprofila upotrebe\u201d. To su trajni kola\u010di\u0107i koji \u0107e se \u010duvati na va\u0161em ure\u0111aju do isteka ili ranijeg ru\u010dnog brisanja. Informacije koje se koriste za ciljanje oglasa nisu osobne, jer vas ne identificiraju &#8211; korisnika &#8211; u stvarnom svijetu. Podaci o va\u0161oj aktivnosti pregledavanja prikupljaju se i analiziraju anonimno.<\/p>\n\n\n\n<p>Zbog toga mo\u017eete vidjeti odre\u0111ene oglase tre\u0107ih strana na drugim web-lokacijama na temelju va\u0161ih posjeta na\u0161oj web-lokaciji jer sudjelujemo u ogla\u0161iva\u010dkim mre\u017eama koje upravljaju dobavlja\u010di tre\u0107ih strana, kao \u0161to su Google AdWords, Bing oglasi, Yandex, Yahoo, DataXu, Facebook, i sli\u010dne davatelje usluga. Osim toga, ove oglasne mre\u017ee omogu\u0107uju nam da ciljamo na\u0161e oglase na na\u0161e korisnike s obzirom na demografsku strukturu, interesne skupine korisnika i kontekst pregledavanja. Te mre\u017ee tijekom vremena prate va\u0161e aktivnosti na mre\u017ei prikupljanjem informacija automatskim sredstvima, uklju\u010duju\u0107i kori\u0161tenje kola\u010di\u0107a, zapisnika web-poslu\u017eitelja i web-signala. Mre\u017ee koriste te informacije kako bi vam prikazale oglase koji su prilago\u0111eni va\u0161im individualnim interesima, kako bi pratili aktivnost va\u0161eg preglednika na vi\u0161e web-lokacija i izgradili profil pregledavanja weba. Podaci koje dobavlja\u010di oglasne mre\u017ee prikupljaju uklju\u010duju informacije o va\u0161im posjetima web-lokacijama koje sudjeluju u ogla\u0161iva\u010dkim mre\u017eama dobavlja\u010da, kao \u0161to su stranice ili oglasi koje pregledavate te radnje koje poduzimate na web-lokacijama. Ovo prikupljanje podataka odvija se na na\u0161oj web-lokaciji i na web-lokacijama tre\u0107ih strana koje sudjeluju u oglasnim mre\u017eama. Ovaj proces nam tako\u0111er poma\u017ee pratiti u\u010dinkovitost na\u0161ih marketin\u0161kih napora. Nadalje, mo\u017eemo koristiti zna\u010dajke davatelja analiti\u010dkih usluga tre\u0107ih strana za prikaziva\u010dke ogla\u0161iva\u010de. To uklju\u010duje dobivanje odre\u0111enih podataka kola\u010di\u0107a posjetitelja, kao \u0161to su izvor, medij i klju\u010dne rije\u010di koje su kori\u0161tene za posjetu na\u0161oj web-lokaciji. Ovdje mo\u017eete vi\u0161e saznati o tome kako se isklju\u010diti iz ogla\u0161avanja na temelju ogla\u0161avanja na mre\u017ei https:\/\/tools.google.com\/dlpage\/gaoptout?hl=en<\/p>\n\n\n\n<p>Kola\u010di\u0107i dru\u0161tvenih medija. Ovi kola\u010di\u0107i zajedno s dodatcima dru\u0161tvenih medija omogu\u0107uju vam kori\u0161tenje funkcionalnosti dru\u0161tvenih mre\u017ea kao \u0161to su Facebook, Googleov gumb +1, Instagram, Pinterest i druge na na\u0161oj web-lokaciji. To su trajni kola\u010di\u0107i koji \u0107e se \u010duvati na va\u0161em ure\u0111aju do isteka ili ranijeg ru\u010dnog brisanja. Ako koristite ove funkcionalnosti, dodatak i njegov sadr\u017eaj u\u010ditavaju se izravno s poslu\u017eitelja pru\u017eatelja dru\u0161tvenih medija i preglednik ih uklju\u010duje na web-lokaciju. Ako se prijavite na svoj ra\u010dun dru\u0161tvenih medija u trenutku interakcije s dodatcima dru\u0161tvenih medija na na\u0161oj web-lokaciji, pru\u017eatelj dru\u0161tvenih medija povezat \u0107e te informacije s va\u0161im korisni\u010dkim profilom dru\u0161tvenih medija. Ne mo\u017eemo utjecati na to koje \u0107e osobne podatke pru\u017eatelj dru\u0161tvenih medija prikupiti o vama. Dodatne informacije potra\u017eite u njihovim obavijestima o privatnosti.<\/p>\n\n\n\n<p>Suglasnost za kola\u010di\u0107e i isklju\u010divanje<\/p>\n\n\n\n<p>Pretpostavljamo da ste sretni \u0161to postavimo kola\u010di\u0107e na va\u0161 ure\u0111aj. Ve\u0107ina internetskih preglednika automatski prihva\u0107a kola\u010di\u0107e. Me\u0111utim, ako vi, ili drugi korisnik va\u0161eg ure\u0111aja, \u017eelite povu\u0107i svoj pristanak u bilo kojem trenutku, imate mogu\u0107nost prihvatiti ili odbiti kola\u010di\u0107e mijenjanjem postavki preglednika. Ako odlu\u010dite odbiti kola\u010di\u0107e, mo\u017eda ne\u0107ete mo\u0107i u potpunosti iskoristiti interaktivne zna\u010dajke na\u0161e web-lokacije, na\u0161ih platformi i na\u0161ih usluga.<\/p>\n\n\n\n<p>Prilikom otvaranja na\u0161e web-lokacije, pojavit \u0107e se sko\u010dna poruka u kojoj se tra\u017ei va\u0161a suglasnost za postavljanje reklamnih kola\u010di\u0107a na va\u0161 ure\u0111aj. Da biste dali svoj pristanak, kliknite &#8220;Prihvati&#8221;. Nakon \u0161to dobijete svoj pristanak, ova se poruka ne\u0107e ponovno pojaviti kada ponovo posjetite. Ako vi, ili drugi korisnik va\u0161eg ure\u0111aja, \u017eelite povu\u0107i svoj pristanak u bilo kojem trenutku, to mo\u017eete u\u010diniti promjenom postavki preglednika. Ako ne povu\u010dete svoj pristanak pretpostavit \u0107emo da ste sretni da primate kola\u010di\u0107e s na\u0161e web stranice.<\/p>\n\n\n\n<p>U nekim slu\u010dajevima, kada isklju\u010dite, novi kola\u010di\u0107 (Opt-Out-Cookie) nalazi se u va\u0161em web pregledniku. To upu\u0107uje davatelja usluga tre\u0107e strane da prekine prikupljanje podataka iz va\u0161eg preglednika i sprje\u010dava prikazivanje oglasa.<\/p>\n\n\n\n<p>Za dodatne informacije posjetite:<br>\nhttp:\/\/www.allaboutcookies.org\/<\/p>\n","protected":false},"excerpt":{"rendered":"<p>\u0160to su to\u010dno kola\u010di\u0107i? Kako bismo prikupili informacije opisane u ovoj obavijesti, mo\u017eemo koristiti kola\u010di\u0107e i sli\u010dne tehnologije na na\u0161oj web stranici. Kola\u010di\u0107 je mali dio informacija koji se \u0161alje va\u0161em pregledniku i pohranjuje se na tvrdi disk ra\u010dunala, mobilni telefon ili drugi ure\u0111aj. Postavljanje va\u0161eg preglednika da vas obavijesti kada primite kola\u010di\u0107, omogu\u0107uje vam [&hellip;]<\/p>\n","protected":false},"author":1,"featured_media":0,"parent":0,"menu_order":0,"comment_status":"closed","ping_status":"closed","template":"","meta":{"site-sidebar-layout":"default","site-content-layout":"default","ast-site-content-layout":"default","site-content-style":"default","site-sidebar-style":"default","ast-global-header-display":"","ast-banner-title-visibility":"","ast-main-header-display":"","ast-hfb-above-header-display":"","ast-hfb-below-header-display":"","ast-hfb-mobile-header-display":"","site-post-title":"","ast-breadcrumbs-content":"","ast-featured-img":"","footer-sml-layout":"","ast-disable-related-posts":"","theme-transparent-header-meta":"default","adv-header-id-meta":"","stick-header-meta":"default","header-above-stick-meta":"","header-main-stick-meta":"","header-below-stick-meta":"","astra-migrate-meta-layouts":"default","ast-page-background-enabled":"default","ast-page-background-meta":{"desktop":{"background-color":"","background-image":"","background-repeat":"repeat","background-position":"center center","background-size":"auto","background-attachment":"scroll","background-type":"","background-media":"","overlay-type":"","overlay-color":"","overlay-opacity":"","overlay-gradient":""},"tablet":{"background-color":"","background-image":"","background-repeat":"repeat","background-position":"center center","background-size":"auto","background-attachment":"scroll","background-type":"","background-media":"","overlay-type":"","overlay-color":"","overlay-opacity":"","overlay-gradient":""},"mobile":{"background-color":"","background-image":"","background-repeat":"repeat","background-position":"center center","background-size":"auto","background-attachment":"scroll","background-type":"","background-media":"","overlay-type":"","overlay-color":"","overlay-opacity":"","overlay-gradient":""}},"ast-content-background-meta":{"desktop":{"background-color":"var(--ast-global-color-5)","background-image":"","background-repeat":"repeat","background-position":"center center","background-size":"auto","background-attachment":"scroll","background-type":"","background-media":"","overlay-type":"","overlay-color":"","overlay-opacity":"","overlay-gradient":""},"tablet":{"background-color":"var(--ast-global-color-5)","background-image":"","background-repeat":"repeat","background-position":"center center","background-size":"auto","background-attachment":"scroll","background-type":"","background-media":"","overlay-type":"","overlay-color":"","overlay-opacity":"","overlay-gradient":""},"mobile":{"background-color":"var(--ast-global-color-5)","background-image":"","background-repeat":"repeat","background-position":"center center","background-size":"auto","background-attachment":"scroll","background-type":"","background-media":"","overlay-type":"","overlay-color":"","overlay-opacity":"","overlay-gradient":""}},"footnotes":""},"class_list":["post-58","page","type-page","status-publish","hentry"],"yoast_head":"<!-- This site is optimized with the Yoast SEO plugin v27.5 - https:\/\/yoast.com\/product\/yoast-seo-wordpress\/ -->\n<title>Pravila kola\u010di\u0107a - Residence Stine Split Hrvatska<\/title>\n<meta name=\"robots\" content=\"index, follow, max-snippet:-1, max-image-preview:large, max-video-preview:-1\" \/>\n<link rel=\"canonical\" href=\"https:\/\/www.residence-stine.com\/hr\/kolacici\/\" \/>\n<meta property=\"og:locale\" content=\"hr_HR\" \/>\n<meta property=\"og:type\" content=\"article\" \/>\n<meta property=\"og:title\" content=\"Pravila kola\u010di\u0107a - Residence Stine Split Hrvatska\" \/>\n<meta property=\"og:description\" content=\"\u0160to su to\u010dno kola\u010di\u0107i? Kako bismo prikupili informacije opisane u ovoj obavijesti, mo\u017eemo koristiti kola\u010di\u0107e i sli\u010dne tehnologije na na\u0161oj web stranici. Kola\u010di\u0107 je mali dio informacija koji se \u0161alje va\u0161em pregledniku i pohranjuje se na tvrdi disk ra\u010dunala, mobilni telefon ili drugi ure\u0111aj. Postavljanje va\u0161eg preglednika da vas obavijesti kada primite kola\u010di\u0107, omogu\u0107uje vam [&hellip;]\" \/>\n<meta property=\"og:url\" content=\"https:\/\/www.residence-stine.com\/hr\/kolacici\/\" \/>\n<meta property=\"og:site_name\" content=\"Residence Stine Split Hrvatska\" \/>\n<meta property=\"article:publisher\" content=\"https:\/\/web.facebook.com\/residencestine\/\" \/>\n<meta property=\"article:modified_time\" content=\"2019-06-22T08:53:46+00:00\" \/>\n<meta name=\"twitter:card\" content=\"summary_large_image\" \/>\n<meta name=\"twitter:label1\" content=\"Procijenjeno vrijeme \u010ditanja\" \/>\n\t<meta name=\"twitter:data1\" content=\"7 minuta\" \/>\n<script type=\"application\/ld+json\" class=\"yoast-schema-graph\">{\"@context\":\"https:\\\/\\\/schema.org\",\"@graph\":[{\"@type\":\"WebPage\",\"@id\":\"https:\\\/\\\/www.residence-stine.com\\\/hr\\\/kolacici\\\/\",\"url\":\"https:\\\/\\\/www.residence-stine.com\\\/hr\\\/kolacici\\\/\",\"name\":\"Pravila kola\u010di\u0107a - Residence Stine Split Hrvatska\",\"isPartOf\":{\"@id\":\"https:\\\/\\\/www.residence-stine.com\\\/hr\\\/#website\"},\"datePublished\":\"2019-05-21T17:13:54+00:00\",\"dateModified\":\"2019-06-22T08:53:46+00:00\",\"breadcrumb\":{\"@id\":\"https:\\\/\\\/www.residence-stine.com\\\/hr\\\/kolacici\\\/#breadcrumb\"},\"inLanguage\":\"hr\",\"potentialAction\":[{\"@type\":\"ReadAction\",\"target\":[\"https:\\\/\\\/www.residence-stine.com\\\/hr\\\/kolacici\\\/\"]}]},{\"@type\":\"BreadcrumbList\",\"@id\":\"https:\\\/\\\/www.residence-stine.com\\\/hr\\\/kolacici\\\/#breadcrumb\",\"itemListElement\":[{\"@type\":\"ListItem\",\"position\":1,\"name\":\"Po\u010detna stranica\",\"item\":\"https:\\\/\\\/www.residence-stine.com\\\/hr\\\/\"},{\"@type\":\"ListItem\",\"position\":2,\"name\":\"Pravila kola\u010di\u0107a\"}]},{\"@type\":\"WebSite\",\"@id\":\"https:\\\/\\\/www.residence-stine.com\\\/hr\\\/#website\",\"url\":\"https:\\\/\\\/www.residence-stine.com\\\/hr\\\/\",\"name\":\"Residence Stine Split Hrvatska\",\"description\":\"Residence Stine, luksuzne sobe s doru\u010dkom u centru Splita. Wi-Fi u cijelom objektu. Sve sobe su klimatizirane, sa sefom u sobi, mini barom, LCD SAT-TV, dobro opremljenim kupaonicama i potrebnim sadr\u017eajima.\",\"publisher\":{\"@id\":\"https:\\\/\\\/www.residence-stine.com\\\/hr\\\/#organization\"},\"potentialAction\":[{\"@type\":\"SearchAction\",\"target\":{\"@type\":\"EntryPoint\",\"urlTemplate\":\"https:\\\/\\\/www.residence-stine.com\\\/hr\\\/?s={search_term_string}\"},\"query-input\":{\"@type\":\"PropertyValueSpecification\",\"valueRequired\":true,\"valueName\":\"search_term_string\"}}],\"inLanguage\":\"hr\"},{\"@type\":\"Organization\",\"@id\":\"https:\\\/\\\/www.residence-stine.com\\\/hr\\\/#organization\",\"name\":\"Residence Stine\",\"url\":\"https:\\\/\\\/www.residence-stine.com\\\/hr\\\/\",\"logo\":{\"@type\":\"ImageObject\",\"inLanguage\":\"hr\",\"@id\":\"https:\\\/\\\/www.residence-stine.com\\\/hr\\\/#\\\/schema\\\/logo\\\/image\\\/\",\"url\":\"https:\\\/\\\/www.residence-stine.com\\\/wp-content\\\/uploads\\\/2019\\\/05\\\/logo-residence-stine-horiz-.png\",\"contentUrl\":\"https:\\\/\\\/www.residence-stine.com\\\/wp-content\\\/uploads\\\/2019\\\/05\\\/logo-residence-stine-horiz-.png\",\"width\":360,\"height\":119,\"caption\":\"Residence Stine\"},\"image\":{\"@id\":\"https:\\\/\\\/www.residence-stine.com\\\/hr\\\/#\\\/schema\\\/logo\\\/image\\\/\"},\"sameAs\":[\"https:\\\/\\\/web.facebook.com\\\/residencestine\\\/\",\"http:\\\/\\\/instagram.com\\\/residencestine\\\/\",\"https:\\\/\\\/www.linkedin.com\\\/company\\\/residence-stine\",\"https:\\\/\\\/www.youtube.com\\\/channel\\\/UCkJBmyfIbtzb8p5SsOklzew\"]}]}<\/script>\n<!-- \/ Yoast SEO plugin. -->","yoast_head_json":{"title":"Pravila kola\u010di\u0107a - Residence Stine Split Hrvatska","robots":{"index":"index","follow":"follow","max-snippet":"max-snippet:-1","max-image-preview":"max-image-preview:large","max-video-preview":"max-video-preview:-1"},"canonical":"https:\/\/www.residence-stine.com\/hr\/kolacici\/","og_locale":"hr_HR","og_type":"article","og_title":"Pravila kola\u010di\u0107a - Residence Stine Split Hrvatska","og_description":"\u0160to su to\u010dno kola\u010di\u0107i? Kako bismo prikupili informacije opisane u ovoj obavijesti, mo\u017eemo koristiti kola\u010di\u0107e i sli\u010dne tehnologije na na\u0161oj web stranici. Kola\u010di\u0107 je mali dio informacija koji se \u0161alje va\u0161em pregledniku i pohranjuje se na tvrdi disk ra\u010dunala, mobilni telefon ili drugi ure\u0111aj. Postavljanje va\u0161eg preglednika da vas obavijesti kada primite kola\u010di\u0107, omogu\u0107uje vam [&hellip;]","og_url":"https:\/\/www.residence-stine.com\/hr\/kolacici\/","og_site_name":"Residence Stine Split Hrvatska","article_publisher":"https:\/\/web.facebook.com\/residencestine\/","article_modified_time":"2019-06-22T08:53:46+00:00","twitter_card":"summary_large_image","twitter_misc":{"Procijenjeno vrijeme \u010ditanja":"7 minuta"},"schema":{"@context":"https:\/\/schema.org","@graph":[{"@type":"WebPage","@id":"https:\/\/www.residence-stine.com\/hr\/kolacici\/","url":"https:\/\/www.residence-stine.com\/hr\/kolacici\/","name":"Pravila kola\u010di\u0107a - Residence Stine Split Hrvatska","isPartOf":{"@id":"https:\/\/www.residence-stine.com\/hr\/#website"},"datePublished":"2019-05-21T17:13:54+00:00","dateModified":"2019-06-22T08:53:46+00:00","breadcrumb":{"@id":"https:\/\/www.residence-stine.com\/hr\/kolacici\/#breadcrumb"},"inLanguage":"hr","potentialAction":[{"@type":"ReadAction","target":["https:\/\/www.residence-stine.com\/hr\/kolacici\/"]}]},{"@type":"BreadcrumbList","@id":"https:\/\/www.residence-stine.com\/hr\/kolacici\/#breadcrumb","itemListElement":[{"@type":"ListItem","position":1,"name":"Po\u010detna stranica","item":"https:\/\/www.residence-stine.com\/hr\/"},{"@type":"ListItem","position":2,"name":"Pravila kola\u010di\u0107a"}]},{"@type":"WebSite","@id":"https:\/\/www.residence-stine.com\/hr\/#website","url":"https:\/\/www.residence-stine.com\/hr\/","name":"Residence Stine Split Hrvatska","description":"Residence Stine, luksuzne sobe s doru\u010dkom u centru Splita. Wi-Fi u cijelom objektu. Sve sobe su klimatizirane, sa sefom u sobi, mini barom, LCD SAT-TV, dobro opremljenim kupaonicama i potrebnim sadr\u017eajima.","publisher":{"@id":"https:\/\/www.residence-stine.com\/hr\/#organization"},"potentialAction":[{"@type":"SearchAction","target":{"@type":"EntryPoint","urlTemplate":"https:\/\/www.residence-stine.com\/hr\/?s={search_term_string}"},"query-input":{"@type":"PropertyValueSpecification","valueRequired":true,"valueName":"search_term_string"}}],"inLanguage":"hr"},{"@type":"Organization","@id":"https:\/\/www.residence-stine.com\/hr\/#organization","name":"Residence Stine","url":"https:\/\/www.residence-stine.com\/hr\/","logo":{"@type":"ImageObject","inLanguage":"hr","@id":"https:\/\/www.residence-stine.com\/hr\/#\/schema\/logo\/image\/","url":"https:\/\/www.residence-stine.com\/wp-content\/uploads\/2019\/05\/logo-residence-stine-horiz-.png","contentUrl":"https:\/\/www.residence-stine.com\/wp-content\/uploads\/2019\/05\/logo-residence-stine-horiz-.png","width":360,"height":119,"caption":"Residence Stine"},"image":{"@id":"https:\/\/www.residence-stine.com\/hr\/#\/schema\/logo\/image\/"},"sameAs":["https:\/\/web.facebook.com\/residencestine\/","http:\/\/instagram.com\/residencestine\/","https:\/\/www.linkedin.com\/company\/residence-stine","https:\/\/www.youtube.com\/channel\/UCkJBmyfIbtzb8p5SsOklzew"]}]}},"_links":{"self":[{"href":"https:\/\/www.residence-stine.com\/hr\/wp-json\/wp\/v2\/pages\/58","targetHints":{"allow":["GET"]}}],"collection":[{"href":"https:\/\/www.residence-stine.com\/hr\/wp-json\/wp\/v2\/pages"}],"about":[{"href":"https:\/\/www.residence-stine.com\/hr\/wp-json\/wp\/v2\/types\/page"}],"author":[{"embeddable":true,"href":"https:\/\/www.residence-stine.com\/hr\/wp-json\/wp\/v2\/users\/1"}],"replies":[{"embeddable":true,"href":"https:\/\/www.residence-stine.com\/hr\/wp-json\/wp\/v2\/comments?post=58"}],"version-history":[{"count":4,"href":"https:\/\/www.residence-stine.com\/hr\/wp-json\/wp\/v2\/pages\/58\/revisions"}],"predecessor-version":[{"id":567,"href":"https:\/\/www.residence-stine.com\/hr\/wp-json\/wp\/v2\/pages\/58\/revisions\/567"}],"wp:attachment":[{"href":"https:\/\/www.residence-stine.com\/hr\/wp-json\/wp\/v2\/media?parent=58"}],"curies":[{"name":"wp","href":"https:\/\/api.w.org\/{rel}","templated":true}]}}